{"id":2338,"date":"2022-09-09T14:41:24","date_gmt":"2022-09-09T12:41:24","guid":{"rendered":"https:\/\/uniqbooking.com\/contact\/"},"modified":"2024-07-15T12:25:10","modified_gmt":"2024-07-15T10:25:10","slug":"contact","status":"publish","type":"page","link":"https:\/\/uniqbooking.com\/fr\/contact\/","title":{"rendered":"Contact"},"content":{"rendered":"<p>[et_pb_section fb_built=\u00a0\u00bb1&Prime; _builder_version=\u00a0\u00bb4.18.0&Prime; _module_preset=\u00a0\u00bbdefault\u00a0\u00bb background_color=\u00a0\u00bb#EDF5FC\u00a0\u00bb custom_padding=\u00a0\u00bb100px||100px|||\u00a0\u00bb locked=\u00a0\u00bboff\u00a0\u00bb global_colors_info=\u00a0\u00bb{}\u00a0\u00bb][et_pb_row column_structure=\u00a0\u00bb3_5,2_5&Prime; _builder_version=\u00a0\u00bb4.18.0&Prime; _module_preset=\u00a0\u00bbdefault\u00a0\u00bb locked=\u00a0\u00bboff\u00a0\u00bb global_colors_info=\u00a0\u00bb{}\u00a0\u00bb][et_pb_column type=\u00a0\u00bb3_5&Prime; _builder_version=\u00a0\u00bb4.18.0&Prime; _module_preset=\u00a0\u00bbdefault\u00a0\u00bb custom_padding_tablet=\u00a0\u00bb||50px||false|false\u00a0\u00bb custom_padding_last_edited=\u00a0\u00bboff|tablet\u00a0\u00bb global_colors_info=\u00a0\u00bb{}\u00a0\u00bb][et_pb_text _builder_version=\u00a0\u00bb4.18.0&Prime; _module_preset=\u00a0\u00bbdefault\u00a0\u00bb header_2_text_align=\u00a0\u00bbleft\u00a0\u00bb header_2_font_size_tablet=\u00a0\u00bb\u00a0\u00bb header_2_font_size_phone=\u00a0\u00bb40px\u00a0\u00bb header_2_font_size_last_edited=\u00a0\u00bbon|phone\u00a0\u00bb header_2_line_height_tablet=\u00a0\u00bb\u00a0\u00bb header_2_line_height_phone=\u00a0\u00bb50px\u00a0\u00bb header_2_line_height_last_edited=\u00a0\u00bbon|phone\u00a0\u00bb locked=\u00a0\u00bboff\u00a0\u00bb global_colors_info=\u00a0\u00bb{}\u00a0\u00bb]<\/p>\n<h2>Pouvons-nous vous aider ?<\/h2>\n<p>[\/et_pb_text][et_pb_text _builder_version=\u00a0\u00bb4.18.0&Prime; _module_preset=\u00a0\u00bbdefault\u00a0\u00bb text_line_height=\u00a0\u00bb30px\u00a0\u00bb max_width=\u00a0\u00bb590px\u00a0\u00bb locked=\u00a0\u00bboff\u00a0\u00bb global_colors_info=\u00a0\u00bb{}\u00a0\u00bb]<\/p>\n<p><span>Je me ferai un plaisir de vous aider par e-mail ou par chat.<\/span><br \/><span>Vous pr\u00e9f\u00e9rez appeler ? Bien s\u00fbr, cela aussi est possible.<\/span><\/p>\n<p>[\/et_pb_text][dsm_button button_one_text=\u00a0\u00bbChat avec nous\u00a0\u00bb button_two_text=\u00a0\u00bb+31 (0)6 &#8211; 29 45 31 81  \u00a0\u00bb remove_separator_text_on_mobile=\u00a0\u00bbon\u00a0\u00bb _builder_version=\u00a0\u00bb4.25.1&Prime; _module_preset=\u00a0\u00bbdefault\u00a0\u00bb custom_button_one=\u00a0\u00bbon\u00a0\u00bb button_one_icon=\u00a0\u00bb&#xf086;||fa||400&Prime; button_one_icon_placement=\u00a0\u00bbleft\u00a0\u00bb button_one_on_hover=\u00a0\u00bboff\u00a0\u00bb button_one_custom_padding=\u00a0\u00bb|25px||40px|false|false\u00a0\u00bb custom_button_two=\u00a0\u00bbon\u00a0\u00bb button_two_text_size=\u00a0\u00bb20px\u00a0\u00bb button_two_border_width=\u00a0\u00bb0px\u00a0\u00bb button_two_icon=\u00a0\u00bb&#xf879;||fa||900&Prime; button_two_icon_placement=\u00a0\u00bbleft\u00a0\u00bb button_two_on_hover=\u00a0\u00bboff\u00a0\u00bb button_two_custom_margin_tablet=\u00a0\u00bb\u00a0\u00bb button_two_custom_margin_phone=\u00a0\u00bb|||0px|false|false\u00a0\u00bb button_two_custom_margin_last_edited=\u00a0\u00bbon|phone\u00a0\u00bb button_two_custom_padding=\u00a0\u00bb|25px||40px|false|false\u00a0\u00bb hover_enabled=\u00a0\u00bb0&Prime; global_colors_info=\u00a0\u00bb{}\u00a0\u00bb button_two_url=\u00a0\u00bbTel:0031629453181&Prime; sticky_enabled=\u00a0\u00bb0&Prime;][\/dsm_button][\/et_pb_column][et_pb_column type=\u00a0\u00bb2_5&Prime; admin_label=\u00a0\u00bbBureau\u00a0\u00bb disabled_on=\u00a0\u00bbon|on|off\u00a0\u00bb _builder_version=\u00a0\u00bb4.18.0&Prime; _module_preset=\u00a0\u00bbdefault\u00a0\u00bb global_colors_info=\u00a0\u00bb{}\u00a0\u00bb][et_pb_divider color=\u00a0\u00bb#95A3B3&Prime; divider_weight=\u00a0\u00bb400px\u00a0\u00bb _builder_version=\u00a0\u00bb4.18.0&Prime; _module_preset=\u00a0\u00bbdefault\u00a0\u00bb background_color=\u00a0\u00bb#95A3B3&Prime; positioning=\u00a0\u00bbabsolute\u00a0\u00bb position_origin_a=\u00a0\u00bbcenter_right\u00a0\u00bb horizontal_offset=\u00a0\u00bb-55px\u00a0\u00bb width=\u00a0\u00bb450px\u00a0\u00bb max_width=\u00a0\u00bb450px\u00a0\u00bb height=\u00a0\u00bb400px\u00a0\u00bb global_colors_info=\u00a0\u00bb{}\u00a0\u00bb][\/et_pb_divider][et_pb_image src=\u00a0\u00bbhttps:\/\/uniqbooking.com\/wp-content\/uploads\/2022\/11\/Kunnen-we-je-helpen-2.png\u00a0\u00bb alt=\u00a0\u00bbPouvons-nous vous aider ?\u00a0\u00bb title_text=\u00a0\u00bbPouvons-nous vous aider ?\u00a0\u00bb _builder_version=\u00a0\u00bb4.18.0&Prime; _module_preset=\u00a0\u00bbdefault\u00a0\u00bb z_index=\u00a0\u00bb1&Prime; global_colors_info=\u00a0\u00bb{}\u00a0\u00bb][\/et_pb_image][\/et_pb_column][\/et_pb_row][\/et_pb_section][et_pb_section fb_built=\u00a0\u00bb1&Prime; _builder_version=\u00a0\u00bb4.18.0&Prime; _module_preset=\u00a0\u00bbdefault\u00a0\u00bb locked=\u00a0\u00bboff\u00a0\u00bb global_colors_info=\u00a0\u00bb{}\u00a0\u00bb][et_pb_row column_structure=\u00a0\u00bb1_2,1_2&Prime; _builder_version=\u00a0\u00bb4.22.1&Prime; _module_preset=\u00a0\u00bbdefault\u00a0\u00bb module_alignment=\u00a0\u00bbcenter\u00a0\u00bb global_colors_info=\u00a0\u00bb{}\u00a0\u00bb][et_pb_column type=\u00a0\u00bb1_2&Prime; _builder_version=\u00a0\u00bb4.18.0&Prime; _module_preset=\u00a0\u00bbdefault\u00a0\u00bb global_colors_info=\u00a0\u00bb{}\u00a0\u00bb][et_pb_text _builder_version=\u00a0\u00bb4.18.0&Prime; _module_preset=\u00a0\u00bbdefault\u00a0\u00bb header_2_font_size=\u00a0\u00bb30px\u00a0\u00bb header_2_line_height=\u00a0\u00bb40px\u00a0\u00bb global_colors_info=\u00a0\u00bb{}\u00a0\u00bb]<\/p>\n<h2>Formulaire de contact<\/h2>\n<p>[\/et_pb_text][et_pb_code _builder_version=\u00a0\u00bb4.22.1&Prime; _module_preset=\u00a0\u00bbdefault\u00a0\u00bb max_width=\u00a0\u00bb700px\u00a0\u00bb custom_margin=\u00a0\u00bb||||false|false\u00a0\u00bb custom_padding=\u00a0\u00bb25px||||false|false\u00a0\u00bb global_colors_info=\u00a0\u00bb{}\u00a0\u00bb]<link rel='stylesheet' id='formidable-css' href='https:\/\/uniqbooking.com\/wp-content\/plugins\/formidable\/css\/formidableforms.css?ver=423500' type='text\/css' media='all' \/>\n<div class=\"frm_forms  with_frm_style frm_style_formidable-style\" id=\"frm_form_2_container\" data-token=\"e8e0fb8573c661bbaf743a11840e9935\">\n<form enctype=\"multipart\/form-data\" method=\"post\" class=\"frm-show-form  frm_js_validate  frm_ajax_submit  frm_pro_form \" id=\"form_meerinformatie\" data-token=\"e8e0fb8573c661bbaf743a11840e9935\">\n<div class=\"frm_form_fields \">\n<fieldset>\n<legend class=\"frm_screen_reader\">Plus d'informations ?<\/legend>\r\n\r\n<div class=\"frm_fields_container\">\n<input type=\"hidden\" name=\"frm_action\" value=\"create\" \/>\n<input type=\"hidden\" name=\"form_id\" value=\"2\" \/>\n<input type=\"hidden\" name=\"frm_hide_fields_2\" id=\"frm_hide_fields_2\" value=\"\" \/>\n<input type=\"hidden\" name=\"form_key\" value=\"meerinformatie\" \/>\n<input type=\"hidden\" name=\"item_meta[0]\" value=\"\" \/>\n<input type=\"hidden\" id=\"frm_submit_entry_2\" name=\"frm_submit_entry_2\" value=\"3c28940dfd\" \/><input type=\"hidden\" name=\"_wp_http_referer\" value=\"\/fr\/wp-json\/wp\/v2\/pages\/2338\" \/><div id=\"frm_field_22_container\" class=\"frm_form_field frm_section_heading form-field  frm_half frm_first frm_hide_section\">\r\n<h3 class=\"frm_pos_none frm_section_spacing\">Liens de section<\/h3>\r\n\r\n\r\n<div id=\"frm_field_12_container\" class=\"frm_form_field form-field  frm_required_field frm_none_container frm12 frm_first\">\r\n    <label for=\"field_3yht6\" id=\"field_3yht6_label\" class=\"frm_primary_label\">Nom\r\n        <span class=\"frm_required\" aria-hidden=\"true\">*<\/span>\r\n    <\/label>\r\n    <input  type=\"text\" id=\"field_3yht6\" name=\"item_meta[12]\" value=\"\"  data-sectionid=\"22\"  placeholder=\"Nom\" data-reqmsg=\"Ce champ ne doit pas \u00eatre vide.\" aria-required=\"true\" data-invmsg=\"Le texte n&#039;est pas valide\" aria-invalid=\"false\"   \/>\r\n    \r\n    \r\n<\/div>\n<div id=\"frm_field_13_container\" class=\"frm_form_field form-field  frm_required_field frm_none_container frm12 frm_first\">\r\n    <label for=\"field_99mwt\" id=\"field_99mwt_label\" class=\"frm_primary_label\">E-mailadres\r\n        <span class=\"frm_required\" aria-hidden=\"true\">*<\/span>\r\n    <\/label>\r\n    <input type=\"email\" id=\"field_99mwt\" name=\"item_meta[13]\" value=\"\"  data-sectionid=\"22\"  placeholder=\"Adresse \u00e9lectronique\" data-reqmsg=\"Ce champ ne doit pas \u00eatre vide.\" aria-required=\"true\" data-invmsg=\"L&#039;adresse \u00e9lectronique n&#039;est pas valide\" aria-invalid=\"false\"  \/>\r\n    \r\n    \r\n<\/div>\n<div id=\"frm_field_14_container\" class=\"frm_form_field form-field  frm_required_field frm_none_container frm12 frm_first\">\r\n    <label for=\"field_uuh9x\" id=\"field_uuh9x_label\" class=\"frm_primary_label\">Sujet\r\n        <span class=\"frm_required\" aria-hidden=\"true\">*<\/span>\r\n    <\/label>\r\n    <input  type=\"text\" id=\"field_uuh9x\" name=\"item_meta[14]\" value=\"\"  data-sectionid=\"22\"  placeholder=\"Sujet\" data-reqmsg=\"Ce champ ne doit pas \u00eatre vide.\" aria-required=\"true\" data-invmsg=\"Le texte n&#039;est pas valide\" aria-invalid=\"false\"   \/>\r\n    \r\n    \r\n<\/div>\n<\/div>\n<div id=\"frm_field_25_container\" class=\"frm_form_field frm_section_heading form-field  frm_half frm_alignright frm_hide_section\">\r\n<h3 class=\"frm_pos_none frm_section_spacing\">Droit de section<\/h3>\r\n\r\n\r\n<div id=\"frm_field_15_container\" class=\"frm_form_field form-field  frm_required_field frm_none_container frmNaN frm12 frm_first\">\r\n    <label for=\"field_9gqsd\" id=\"field_9gqsd_label\" class=\"frm_primary_label\">Message\r\n        <span class=\"frm_required\" aria-hidden=\"true\">*<\/span>\r\n    <\/label>\r\n    <textarea name=\"item_meta[15]\" id=\"field_9gqsd\" rows=\"7\"  data-sectionid=\"25\"  placeholder=\"Message\" data-reqmsg=\"Ce champ ne doit pas \u00eatre vide.\" aria-required=\"true\" data-invmsg=\"Le paragraphe n&#039;est pas valide\" aria-invalid=\"false\"  ><\/textarea>\r\n    \r\n    \r\n<\/div>\n<\/div>\n\t\t<input  type=\"hidden\" name=\"item_meta[27]\" id=\"field_8xpn\" value=\"Contact\"  data-frmval=\"Contact\"   \/>\n\t\t\t\t<input  type=\"hidden\" name=\"item_meta[29]\" id=\"field_5nftl\" value=\"fr\"  data-frmval=\"fr\"   \/>\n\t\t\t<input type=\"hidden\" name=\"item_key\" value=\"\" \/>\n\t\t\t<div id=\"frm_field_31_container\">\n\t\t\t<label for=\"field_omw53\" >\n\t\t\t\tSi vous \u00eates un humain, ne remplissez pas ce champ.\t\t\t<\/label>\n\t\t\t<input  id=\"field_omw53\" type=\"text\" class=\"frm_form_field form-field frm_verify\" name=\"item_meta[31]\" value=\"\"  \/>\n\t\t<\/div>\n\t\t<input name=\"frm_state\" type=\"hidden\" value=\"\/PFhaKOKTioTD9zVTl20ArmsWBkDJ5mlHD9HAhzGmwRQ7gBlD8X9kyu8P6o+wSO+\" \/><div class=\"frm_submit\">\r\n\r\n<button class=\"frm_button_submit frm_final_submit\" type=\"submit\"   formnovalidate=\"formnovalidate\">Envoyez<\/button>\r\n\r\n\r\n<\/div><\/div>\n<\/fieldset>\n<\/div>\n\n<\/form>\n<\/div>\n[\/et_pb_code][\/et_pb_column][et_pb_column type=\u00a0\u00bb1_2&Prime; _builder_version=\u00a0\u00bb4.18.0&Prime; _module_preset=\u00a0\u00bbdefault\u00a0\u00bb global_colors_info=\u00a0\u00bb{}\u00a0\u00bb][et_pb_text _builder_version=\u00a0\u00bb4.22.1&Prime; _module_preset=\u00a0\u00bbdefault\u00a0\u00bb header_2_font_size=\u00a0\u00bb30px\u00a0\u00bb header_2_line_height=\u00a0\u00bb40px\u00a0\u00bb global_colors_info=\u00a0\u00bb{}\u00a0\u00bb]<\/p>\n<h2>UniqResort France b.v.<\/h2>\n<p>[\/et_pb_text][et_pb_text _builder_version=\u00a0\u00bb4.22.1&Prime; _module_preset=\u00a0\u00bbdefault\u00a0\u00bb text_line_height=\u00a0\u00bb1.8em\u00a0\u00bb custom_margin=\u00a0\u00bb||||false|false\u00a0\u00bb custom_padding=\u00a0\u00bb25px||||false|false\u00a0\u00bb global_colors_info=\u00a0\u00bb{}\u00a0\u00bb]<\/p>\n<p><strong>Chambre de commerce<\/strong> 83490078<br \/><strong>N\u00b0 de TVA<\/strong>  NL8628.94.220.B01<br \/>NL73 INGB 0388 9371 81<br \/><strong>BIC<\/strong> INGBNL2A<\/p>\n<p>[\/et_pb_text][\/et_pb_column][\/et_pb_row][\/et_pb_section]<\/p>\n","protected":false},"excerpt":{"rendered":"<p>Pouvons-nous vous aider ?Je me ferai un plaisir de vous aider par e-mail ou par chat.Vous pr\u00e9f\u00e9rez appeler ? Bien s\u00fbr, cela aussi est possible.<div class=\"et_pb_module dsm_button dsm_button_0 et_pb_bg_layout_light\">\n\t\t\t\t\n\t\t\t\t\n\t\t\t\t\n\t\t\t\t\n\t\t\t\t\n\t\t\t\t\n\t\t\t\t<div class=\"et_pb_module_inner\">\n\t\t\t\t\t<div class=\"et_pb_button_module_wrappers dsm_button_0_wrapper  et_pb_module\">\n\t\t\t\t<a class=\"et_pb_button et_pb_button_one et_pb_custom_button_icon et_pb_bg_layout_light dsm-none \"  data-icon=\"&#xf086;\" data-dsm-lightbox-id=\"dsm_button_one_lightbox dsm_button_0\"><span>Chat avec nous<\/span><\/a><a class=\"et_pb_button et_pb_button_two et_pb_custom_button_icon et_pb_bg_layout_light dsm-none \"  href=tel:0031629453181 data-icon=\"&#xf879;\" data-dsm-lightbox-id=\"dsm_button_two_lightbox dsm_button_0\"><span>+31 (0)6 - 29 45 31 81 <\/span><\/a>\n\t\t\t<\/div>\n\t\t\t\t<\/div>\n\t\t\t<\/div>Formulaire de contact<div class=\"frm_forms  with_frm_style frm_style_formidable-style\" id=\"frm_form_2_container\" data-token=\"e8e0fb8573c661bbaf743a11840e9935\" data-token=\"e8e0fb8573c661bbaf743a11840e9935\">\n<form enctype=\"multipart\/form-data\" method=\"post\" class=\"frm-show-form  frm_js_validate  frm_ajax_submit  frm_pro_form \" id=\"form_meerinformatie\" data-token=\"e8e0fb8573c661bbaf743a11840e9935\" data-token=\"e8e0fb8573c661bbaf743a11840e9935\">\n<div class=\"frm_form_fields \">\n<fieldset>\n<legend class=\"frm_screen_reader\">Plus d'informations ?<\/legend>\r\n\r\n<div class=\"frm_fields_container\">\n<input type=\"hidden\" name=\"frm_action\" value=\"create\" \/>\n<input type=\"hidden\" name=\"form_id\" value=\"2\" \/>\n<input type=\"hidden\" name=\"frm_hide_fields_2\" id=\"frm_hide_fields_2\" value=\"\" \/>\n<input type=\"hidden\" name=\"form_key\" value=\"meerinformatie\" \/>\n<input type=\"hidden\" name=\"item_meta[0]\" value=\"\" \/>\n<input type=\"hidden\" id=\"frm_submit_entry_2\" name=\"frm_submit_entry_2\" value=\"3c28940dfd\" \/><input type=\"hidden\" name=\"_wp_http_referer\" value=\"\/fr\/wp-json\/wp\/v2\/pages\/2338\" \/><div id=\"frm_field_22_container\" class=\"frm_form_field frm_section_heading form-field  frm_half frm_first frm_hide_section\">\r\n<h3 class=\"frm_pos_none frm_section_spacing\">Liens de section<\/h3>\r\n\r\n\r\n<div id=\"frm_field_12_container\" class=\"frm_form_field form-field  frm_required_field frm_none_container frm12 frm_first\">\r\n    <label for=\"field_3yht6\" id=\"field_3yht6_label\" class=\"frm_primary_label\">Nom\r\n        <span class=\"frm_required\" aria-hidden=\"true\">*<\/span>\r\n    <\/label>\r\n    <input  type=\"text\" id=\"field_3yht6\" name=\"item_meta[12]\" value=\"\"  data-sectionid=\"22\"  placeholder=\"Nom\" data-reqmsg=\"Ce champ ne doit pas \u00eatre vide.\" aria-required=\"true\" data-invmsg=\"Le texte n&#039;est pas valide\" aria-invalid=\"false\"   \/>\r\n    \r\n    \r\n<\/div>\n<div id=\"frm_field_13_container\" class=\"frm_form_field form-field  frm_required_field frm_none_container frm12 frm_first\">\r\n    <label for=\"field_99mwt\" id=\"field_99mwt_label\" class=\"frm_primary_label\">E-mailadres\r\n        <span class=\"frm_required\" aria-hidden=\"true\">*<\/span>\r\n    <\/label>\r\n    <input type=\"email\" id=\"field_99mwt\" name=\"item_meta[13]\" value=\"\"  data-sectionid=\"22\"  placeholder=\"Adresse \u00e9lectronique\" data-reqmsg=\"Ce champ ne doit pas \u00eatre vide.\" aria-required=\"true\" data-invmsg=\"L&#039;adresse \u00e9lectronique n&#039;est pas valide\" aria-invalid=\"false\"  \/>\r\n    \r\n    \r\n<\/div>\n<div id=\"frm_field_14_container\" class=\"frm_form_field form-field  frm_required_field frm_none_container frm12 frm_first\">\r\n    <label for=\"field_uuh9x\" id=\"field_uuh9x_label\" class=\"frm_primary_label\">Sujet\r\n        <span class=\"frm_required\" aria-hidden=\"true\">*<\/span>\r\n    <\/label>\r\n    <input  type=\"text\" id=\"field_uuh9x\" name=\"item_meta[14]\" value=\"\"  data-sectionid=\"22\"  placeholder=\"Sujet\" data-reqmsg=\"Ce champ ne doit pas \u00eatre vide.\" aria-required=\"true\" data-invmsg=\"Le texte n&#039;est pas valide\" aria-invalid=\"false\"   \/>\r\n    \r\n    \r\n<\/div>\n<\/div>\n<div id=\"frm_field_25_container\" class=\"frm_form_field frm_section_heading form-field  frm_half frm_alignright frm_hide_section\">\r\n<h3 class=\"frm_pos_none frm_section_spacing\">Droit de section<\/h3>\r\n\r\n\r\n<div id=\"frm_field_15_container\" class=\"frm_form_field form-field  frm_required_field frm_none_container frmNaN frm12 frm_first\">\r\n    <label for=\"field_9gqsd\" id=\"field_9gqsd_label\" class=\"frm_primary_label\">Message\r\n        <span class=\"frm_required\" aria-hidden=\"true\">*<\/span>\r\n    <\/label>\r\n    <textarea name=\"item_meta[15]\" id=\"field_9gqsd\" rows=\"7\"  data-sectionid=\"25\"  placeholder=\"Message\" data-reqmsg=\"Ce champ ne doit pas \u00eatre vide.\" aria-required=\"true\" data-invmsg=\"Le paragraphe n&#039;est pas valide\" aria-invalid=\"false\"  ><\/textarea>\r\n    \r\n    \r\n<\/div>\n<\/div>\n\t\t<input  type=\"hidden\" name=\"item_meta[27]\" id=\"field_8xpn\" value=\"Contact\"  data-frmval=\"Contact\"   \/>\n\t\t\t\t<input  type=\"hidden\" name=\"item_meta[29]\" id=\"field_5nftl\" value=\"fr\"  data-frmval=\"fr\"   \/>\n\t\t\t<input type=\"hidden\" name=\"item_key\" value=\"\" \/>\n\t\t\t<div id=\"frm_field_32_container\">\n\t\t\t<label for=\"field_u3dn3\" >\n\t\t\t\tSi vous \u00eates un humain, ne remplissez pas ce champ.\t\t\t<\/label>\n\t\t\t<input  id=\"field_u3dn3\" type=\"text\" class=\"frm_form_field form-field frm_verify\" name=\"item_meta[32]\" value=\"\"  \/>\n\t\t<\/div>\n\t\t<input name=\"frm_state\" type=\"hidden\" value=\"\/PFhaKOKTioTD9zVTl20ArmsWBkDJ5mlHD9HAhzGmwRE4\/Ht6UCGhnjV1BunKb6o\" \/><div class=\"frm_submit\">\r\n\r\n<button class=\"frm_button_submit frm_final_submit\" type=\"submit\"   formnovalidate=\"formnovalidate\">Envoyez<\/button>\r\n\r\n\r\n<\/div><\/div>\n<\/fieldset>\n<\/div>\n\n<\/form>\n<\/div>\nUniqResort France b.v.Chambre de commerce 83490078N\u00b0 de TVA NL8628.94.220.B01NL73 INGB 0388 9371 81BIC INGBNL2A<\/p>\n","protected":false},"author":3375,"featured_media":0,"parent":0,"menu_order":0,"comment_status":"closed","ping_status":"closed","template":"","meta":{"_et_pb_use_builder":"on","_et_pb_old_content":"","_et_gb_content_width":"","footnotes":""},"class_list":["post-2338","page","type-page","status-publish","hentry"],"yoast_head":"<!-- This site is optimized with the Yoast SEO plugin v27.4 - https:\/\/yoast.com\/product\/yoast-seo-wordpress\/ -->\n<title>Contact - Uniqbooking<\/title>\n<meta name=\"robots\" content=\"index, follow, max-snippet:-1, max-image-preview:large, max-video-preview:-1\" \/>\n<link rel=\"canonical\" href=\"https:\/\/uniqbooking.com\/fr\/contact\/\" \/>\n<meta property=\"og:locale\" content=\"fr_FR\" \/>\n<meta property=\"og:type\" content=\"article\" \/>\n<meta property=\"og:title\" content=\"Contact - Uniqbooking\" \/>\n<meta property=\"og:description\" content=\"Pouvons-nous vous aider ?Je me ferai un plaisir de vous aider par e-mail ou par chat.Vous pr\u00e9f\u00e9rez appeler ? Bien s\u00fbr, cela aussi est possible.Formulaire de contactUniqResort France b.v.Chambre de commerce 83490078N\u00b0 de TVA NL8628.94.220.B01NL73 INGB 0388 9371 81BIC INGBNL2A\" \/>\n<meta property=\"og:url\" content=\"https:\/\/uniqbooking.com\/fr\/contact\/\" \/>\n<meta property=\"og:site_name\" content=\"Uniqbooking\" \/>\n<meta property=\"article:modified_time\" content=\"2024-07-15T10:25:10+00:00\" \/>\n<meta name=\"twitter:card\" content=\"summary_large_image\" \/>\n<meta name=\"twitter:label1\" content=\"Dur\u00e9e de lecture estim\u00e9e\" \/>\n\t<meta name=\"twitter:data1\" content=\"3 minutes\" \/>\n<script type=\"application\/ld+json\" class=\"yoast-schema-graph\">{\"@context\":\"https:\\\/\\\/schema.org\",\"@graph\":[{\"@type\":\"WebPage\",\"@id\":\"https:\\\/\\\/uniqbooking.com\\\/fr\\\/contact\\\/\",\"url\":\"https:\\\/\\\/uniqbooking.com\\\/fr\\\/contact\\\/\",\"name\":\"Contact - Uniqbooking\",\"isPartOf\":{\"@id\":\"https:\\\/\\\/uniqbooking.com\\\/fr\\\/#website\"},\"datePublished\":\"2022-09-09T12:41:24+00:00\",\"dateModified\":\"2024-07-15T10:25:10+00:00\",\"breadcrumb\":{\"@id\":\"https:\\\/\\\/uniqbooking.com\\\/fr\\\/contact\\\/#breadcrumb\"},\"inLanguage\":\"fr-FR\",\"potentialAction\":[{\"@type\":\"ReadAction\",\"target\":[\"https:\\\/\\\/uniqbooking.com\\\/fr\\\/contact\\\/\"]}]},{\"@type\":\"BreadcrumbList\",\"@id\":\"https:\\\/\\\/uniqbooking.com\\\/fr\\\/contact\\\/#breadcrumb\",\"itemListElement\":[{\"@type\":\"ListItem\",\"position\":1,\"name\":\"Home\",\"item\":\"https:\\\/\\\/uniqbooking.com\\\/fr\\\/\"},{\"@type\":\"ListItem\",\"position\":2,\"name\":\"Contact\"}]},{\"@type\":\"WebSite\",\"@id\":\"https:\\\/\\\/uniqbooking.com\\\/fr\\\/#website\",\"url\":\"https:\\\/\\\/uniqbooking.com\\\/fr\\\/\",\"name\":\"Uniqbooking\",\"description\":\"\",\"publisher\":{\"@id\":\"https:\\\/\\\/uniqbooking.com\\\/fr\\\/#organization\"},\"alternateName\":\"Uniqbooking\",\"potentialAction\":[{\"@type\":\"SearchAction\",\"target\":{\"@type\":\"EntryPoint\",\"urlTemplate\":\"https:\\\/\\\/uniqbooking.com\\\/fr\\\/?s={search_term_string}\"},\"query-input\":{\"@type\":\"PropertyValueSpecification\",\"valueRequired\":true,\"valueName\":\"search_term_string\"}}],\"inLanguage\":\"fr-FR\"},{\"@type\":\"Organization\",\"@id\":\"https:\\\/\\\/uniqbooking.com\\\/fr\\\/#organization\",\"name\":\"Uniqbooking\",\"alternateName\":\"Uniqbooking\",\"url\":\"https:\\\/\\\/uniqbooking.com\\\/fr\\\/\",\"logo\":{\"@type\":\"ImageObject\",\"inLanguage\":\"fr-FR\",\"@id\":\"https:\\\/\\\/uniqbooking.com\\\/fr\\\/#\\\/schema\\\/logo\\\/image\\\/\",\"url\":\"https:\\\/\\\/uniqbooking.com\\\/wp-content\\\/uploads\\\/2022\\\/09\\\/Logo-UniqBooking.png\",\"contentUrl\":\"https:\\\/\\\/uniqbooking.com\\\/wp-content\\\/uploads\\\/2022\\\/09\\\/Logo-UniqBooking.png\",\"width\":1839,\"height\":540,\"caption\":\"Uniqbooking\"},\"image\":{\"@id\":\"https:\\\/\\\/uniqbooking.com\\\/fr\\\/#\\\/schema\\\/logo\\\/image\\\/\"}}]}<\/script>\n<!-- \/ Yoast SEO plugin. -->","yoast_head_json":{"title":"Contact - Uniqbooking","robots":{"index":"index","follow":"follow","max-snippet":"max-snippet:-1","max-image-preview":"max-image-preview:large","max-video-preview":"max-video-preview:-1"},"canonical":"https:\/\/uniqbooking.com\/fr\/contact\/","og_locale":"fr_FR","og_type":"article","og_title":"Contact - Uniqbooking","og_description":"Pouvons-nous vous aider ?Je me ferai un plaisir de vous aider par e-mail ou par chat.Vous pr\u00e9f\u00e9rez appeler ? Bien s\u00fbr, cela aussi est possible.Formulaire de contactUniqResort France b.v.Chambre de commerce 83490078N\u00b0 de TVA NL8628.94.220.B01NL73 INGB 0388 9371 81BIC INGBNL2A","og_url":"https:\/\/uniqbooking.com\/fr\/contact\/","og_site_name":"Uniqbooking","article_modified_time":"2024-07-15T10:25:10+00:00","twitter_card":"summary_large_image","twitter_misc":{"Dur\u00e9e de lecture estim\u00e9e":"3 minutes"},"schema":{"@context":"https:\/\/schema.org","@graph":[{"@type":"WebPage","@id":"https:\/\/uniqbooking.com\/fr\/contact\/","url":"https:\/\/uniqbooking.com\/fr\/contact\/","name":"Contact - Uniqbooking","isPartOf":{"@id":"https:\/\/uniqbooking.com\/fr\/#website"},"datePublished":"2022-09-09T12:41:24+00:00","dateModified":"2024-07-15T10:25:10+00:00","breadcrumb":{"@id":"https:\/\/uniqbooking.com\/fr\/contact\/#breadcrumb"},"inLanguage":"fr-FR","potentialAction":[{"@type":"ReadAction","target":["https:\/\/uniqbooking.com\/fr\/contact\/"]}]},{"@type":"BreadcrumbList","@id":"https:\/\/uniqbooking.com\/fr\/contact\/#breadcrumb","itemListElement":[{"@type":"ListItem","position":1,"name":"Home","item":"https:\/\/uniqbooking.com\/fr\/"},{"@type":"ListItem","position":2,"name":"Contact"}]},{"@type":"WebSite","@id":"https:\/\/uniqbooking.com\/fr\/#website","url":"https:\/\/uniqbooking.com\/fr\/","name":"Uniqbooking","description":"","publisher":{"@id":"https:\/\/uniqbooking.com\/fr\/#organization"},"alternateName":"Uniqbooking","potentialAction":[{"@type":"SearchAction","target":{"@type":"EntryPoint","urlTemplate":"https:\/\/uniqbooking.com\/fr\/?s={search_term_string}"},"query-input":{"@type":"PropertyValueSpecification","valueRequired":true,"valueName":"search_term_string"}}],"inLanguage":"fr-FR"},{"@type":"Organization","@id":"https:\/\/uniqbooking.com\/fr\/#organization","name":"Uniqbooking","alternateName":"Uniqbooking","url":"https:\/\/uniqbooking.com\/fr\/","logo":{"@type":"ImageObject","inLanguage":"fr-FR","@id":"https:\/\/uniqbooking.com\/fr\/#\/schema\/logo\/image\/","url":"https:\/\/uniqbooking.com\/wp-content\/uploads\/2022\/09\/Logo-UniqBooking.png","contentUrl":"https:\/\/uniqbooking.com\/wp-content\/uploads\/2022\/09\/Logo-UniqBooking.png","width":1839,"height":540,"caption":"Uniqbooking"},"image":{"@id":"https:\/\/uniqbooking.com\/fr\/#\/schema\/logo\/image\/"}}]}},"_links":{"self":[{"href":"https:\/\/uniqbooking.com\/fr\/wp-json\/wp\/v2\/pages\/2338","targetHints":{"allow":["GET"]}}],"collection":[{"href":"https:\/\/uniqbooking.com\/fr\/wp-json\/wp\/v2\/pages"}],"about":[{"href":"https:\/\/uniqbooking.com\/fr\/wp-json\/wp\/v2\/types\/page"}],"author":[{"embeddable":true,"href":"https:\/\/uniqbooking.com\/fr\/wp-json\/wp\/v2\/users\/3375"}],"replies":[{"embeddable":true,"href":"https:\/\/uniqbooking.com\/fr\/wp-json\/wp\/v2\/comments?post=2338"}],"version-history":[{"count":5,"href":"https:\/\/uniqbooking.com\/fr\/wp-json\/wp\/v2\/pages\/2338\/revisions"}],"predecessor-version":[{"id":4397,"href":"https:\/\/uniqbooking.com\/fr\/wp-json\/wp\/v2\/pages\/2338\/revisions\/4397"}],"wp:attachment":[{"href":"https:\/\/uniqbooking.com\/fr\/wp-json\/wp\/v2\/media?parent=2338"}],"curies":[{"name":"wp","href":"https:\/\/api.w.org\/{rel}","templated":true}]}}