{"id":2331,"date":"2022-09-09T14:41:24","date_gmt":"2022-09-09T12:41:24","guid":{"rendered":"https:\/\/uniqbooking.com\/kontakt\/"},"modified":"2024-07-15T12:25:11","modified_gmt":"2024-07-15T10:25:11","slug":"kontakt","status":"publish","type":"page","link":"https:\/\/uniqbooking.com\/de\/kontakt\/","title":{"rendered":"Kontakt"},"content":{"rendered":"<p>[et_pb_section fb_built=&#8220;1&#8243; _builder_version=&#8220;4.18.0&#8243; _module_preset=&#8220;default&#8220; background_color=&#8220;#EDF5FC&#8220; custom_padding=&#8220;100px||100px|||&#8220; locked=&#8220;off&#8220; global_colors_info=&#8220;{}&#8220;][et_pb_row column_structure=&#8220;3_5,2_5&#8243; _builder_version=&#8220;4.18.0&#8243; _module_preset=&#8220;default&#8220; locked=&#8220;off&#8220; global_colors_info=&#8220;{}&#8220;][et_pb_column type=&#8220;3_5&#8243; _builder_version=&#8220;4.18.0&#8243; _module_preset=&#8220;default&#8220; custom_padding_tablet=&#8220;||50px||false|false&#8220; custom_padding_last_edited=&#8220;off|tablet&#8220; global_colors_info=&#8220;{}&#8220;][et_pb_text _builder_version=&#8220;4.18.0&#8243; _module_preset=&#8220;default&#8220; header_2_text_align=&#8220;left&#8220; header_2_font_size_tablet=&#8220;&#8220; header_2_font_size_phone=&#8220;40px&#8220; header_2_font_size_last_edited=&#8220;on|phone&#8220; header_2_line_height_tablet=&#8220;&#8220; header_2_line_height_phone=&#8220;50px&#8220; header_2_line_height_last_edited=&#8220;on|phone&#8220; locked=&#8220;off&#8220; global_colors_info=&#8220;{}&#8220;]<\/p>\n<h2>K\u00f6nnen wir Ihnen helfen?<\/h2>\n<p>[\/et_pb_text][et_pb_text _builder_version=&#8220;4.18.0&#8243; _module_preset=&#8220;default&#8220; text_line_height=&#8220;30px&#8220; max_width=&#8220;590px&#8220; locked=&#8220;off&#8220; global_colors_info=&#8220;{}&#8220;]<\/p>\n<p><span>Per E-Mail oder Chat helfe ich Ihnen gerne weiter.<\/span><br \/><span>Sie m\u00f6chten lieber anrufen? Nat\u00fcrlich ist auch das m\u00f6glich.<\/span><\/p>\n<p>[\/et_pb_text][dsm_button button_one_text=&#8220;Chatten Sie mit uns&#8220; button_two_text=&#8220;+31 (0)6 &#8211; 29 45 31 81  &#8220; remove_separator_text_on_mobile=&#8220;on&#8220; _builder_version=&#8220;4.25.1&#8243; _module_preset=&#8220;default&#8220; custom_button_one=&#8220;on&#8220; button_one_icon=&#8220;&#xf086;||fa||400&#8243; button_one_icon_placement=&#8220;left&#8220; button_one_on_hover=&#8220;off&#8220; button_one_custom_padding=&#8220;|25px||40px|false|false&#8220; custom_button_two=&#8220;on&#8220; button_two_text_size=&#8220;20px&#8220; button_two_border_width=&#8220;0px&#8220; button_two_icon=&#8220;&#xf879;||fa||900&#8243; button_two_icon_placement=&#8220;left&#8220; button_two_on_hover=&#8220;off&#8220; button_two_custom_margin_tablet=&#8220;&#8220; button_two_custom_margin_phone=&#8220;|||0px|false|false&#8220; button_two_custom_margin_last_edited=&#8220;on|phone&#8220; button_two_custom_padding=&#8220;|25px||40px|false|false&#8220; hover_enabled=&#8220;0&#8243; global_colors_info=&#8220;{}&#8220; button_two_url=&#8220;Tel:0031629453181&#8243; sticky_enabled=&#8220;0&#8243;][\/dsm_button][\/et_pb_column][et_pb_column type=&#8220;2_5&#8243; admin_label=&#8220;Desktop&#8220; disabled_on=&#8220;on|on|off&#8220; _builder_version=&#8220;4.18.0&#8243; _module_preset=&#8220;default&#8220; global_colors_info=&#8220;{}&#8220;][et_pb_divider color=&#8220;#95A3B3&#8243; divider_weight=&#8220;400px&#8220; _builder_version=&#8220;4.18.0&#8243; _module_preset=&#8220;default&#8220; background_color=&#8220;#95A3B3&#8243; positioning=&#8220;absolute&#8220; position_origin_a=&#8220;center_right&#8220; horizontal_offset=&#8220;-55px&#8220; width=&#8220;450px&#8220; max_width=&#8220;450px&#8220; height=&#8220;400px&#8220; global_colors_info=&#8220;{}&#8220;][\/et_pb_divider][et_pb_image src=&#8220;https:\/\/uniqbooking.com\/wp-content\/uploads\/2022\/11\/Kunnen-we-je-helpen-2.png&#8220; alt=&#8220;K\u00f6nnen wir Ihnen helfen?&#8220; title_text=&#8220;K\u00f6nnen wir Ihnen helfen?&#8220; _builder_version=&#8220;4.18.0&#8243; _module_preset=&#8220;default&#8220; z_index=&#8220;1&#8243; global_colors_info=&#8220;{}&#8220;][\/et_pb_image][\/et_pb_column][\/et_pb_row][\/et_pb_section][et_pb_section fb_built=&#8220;1&#8243; _builder_version=&#8220;4.18.0&#8243; _module_preset=&#8220;default&#8220; locked=&#8220;off&#8220; global_colors_info=&#8220;{}&#8220;][et_pb_row column_structure=&#8220;1_2,1_2&#8243; _builder_version=&#8220;4.22.1&#8243; _module_preset=&#8220;default&#8220; module_alignment=&#8220;center&#8220; global_colors_info=&#8220;{}&#8220;][et_pb_column type=&#8220;1_2&#8243; _builder_version=&#8220;4.18.0&#8243; _module_preset=&#8220;default&#8220; global_colors_info=&#8220;{}&#8220;][et_pb_text _builder_version=&#8220;4.18.0&#8243; _module_preset=&#8220;default&#8220; header_2_font_size=&#8220;30px&#8220; header_2_line_height=&#8220;40px&#8220; global_colors_info=&#8220;{}&#8220;]<\/p>\n<h2>Kontakt-Formular<\/h2>\n<p>[\/et_pb_text][et_pb_code _builder_version=&#8220;4.22.1&#8243; _module_preset=&#8220;default&#8220; max_width=&#8220;700px&#8220; custom_margin=&#8220;||||false|false&#8220; custom_padding=&#8220;25px||||false|false&#8220; global_colors_info=&#8220;{}&#8220;]<link rel='stylesheet' id='formidable-css' href='https:\/\/uniqbooking.com\/wp-content\/plugins\/formidable\/css\/formidableforms.css?ver=423500' type='text\/css' media='all' \/>\n<div class=\"frm_forms  with_frm_style frm_style_formidable-style\" id=\"frm_form_2_container\" data-token=\"3175115bc7146f181cc241d8160a6154\">\n<form enctype=\"multipart\/form-data\" method=\"post\" class=\"frm-show-form  frm_js_validate  frm_ajax_submit  frm_pro_form \" id=\"form_meerinformatie\" data-token=\"3175115bc7146f181cc241d8160a6154\">\n<div class=\"frm_form_fields \">\n<fieldset>\n<legend class=\"frm_screen_reader\">Weitere Informationen?<\/legend>\r\n\r\n<div class=\"frm_fields_container\">\n<input type=\"hidden\" name=\"frm_action\" value=\"create\" \/>\n<input type=\"hidden\" name=\"form_id\" value=\"2\" \/>\n<input type=\"hidden\" name=\"frm_hide_fields_2\" id=\"frm_hide_fields_2\" value=\"\" \/>\n<input type=\"hidden\" name=\"form_key\" value=\"meerinformatie\" \/>\n<input type=\"hidden\" name=\"item_meta[0]\" value=\"\" \/>\n<input type=\"hidden\" id=\"frm_submit_entry_2\" name=\"frm_submit_entry_2\" value=\"487de8e31c\" \/><input type=\"hidden\" name=\"_wp_http_referer\" value=\"\/de\/wp-json\/wp\/v2\/pages\/2331\" \/><div id=\"frm_field_22_container\" class=\"frm_form_field frm_section_heading form-field  frm_half frm_first frm_hide_section\">\r\n<h3 class=\"frm_pos_none frm_section_spacing\">Abschnitt Links<\/h3>\r\n\r\n\r\n<div id=\"frm_field_12_container\" class=\"frm_form_field form-field  frm_required_field frm_none_container frm12 frm_first\">\r\n    <label for=\"field_3yht6\" id=\"field_3yht6_label\" class=\"frm_primary_label\">Name\r\n        <span class=\"frm_required\" aria-hidden=\"true\">*<\/span>\r\n    <\/label>\r\n    <input  type=\"text\" id=\"field_3yht6\" name=\"item_meta[12]\" value=\"\"  data-sectionid=\"22\"  placeholder=\"Name\" data-reqmsg=\"Dieses Feld darf nicht leer sein.\" aria-required=\"true\" data-invmsg=\"Text ist ung\u00fcltig\" aria-invalid=\"false\"   \/>\r\n    \r\n    \r\n<\/div>\n<div id=\"frm_field_13_container\" class=\"frm_form_field form-field  frm_required_field frm_none_container frm12 frm_first\">\r\n    <label for=\"field_99mwt\" id=\"field_99mwt_label\" class=\"frm_primary_label\">E-mailadres\r\n        <span class=\"frm_required\" aria-hidden=\"true\">*<\/span>\r\n    <\/label>\r\n    <input type=\"email\" id=\"field_99mwt\" name=\"item_meta[13]\" value=\"\"  data-sectionid=\"22\"  placeholder=\"E-Mail Adresse\" data-reqmsg=\"Dieses Feld darf nicht leer sein.\" aria-required=\"true\" data-invmsg=\"E-Mail Adresse ist ung\u00fcltig\" aria-invalid=\"false\"  \/>\r\n    \r\n    \r\n<\/div>\n<div id=\"frm_field_14_container\" class=\"frm_form_field form-field  frm_required_field frm_none_container frm12 frm_first\">\r\n    <label for=\"field_uuh9x\" id=\"field_uuh9x_label\" class=\"frm_primary_label\">Thema\r\n        <span class=\"frm_required\" aria-hidden=\"true\">*<\/span>\r\n    <\/label>\r\n    <input  type=\"text\" id=\"field_uuh9x\" name=\"item_meta[14]\" value=\"\"  data-sectionid=\"22\"  placeholder=\"Thema\" data-reqmsg=\"Dieses Feld darf nicht leer sein.\" aria-required=\"true\" data-invmsg=\"Text ist ung\u00fcltig\" aria-invalid=\"false\"   \/>\r\n    \r\n    \r\n<\/div>\n<\/div>\n<div id=\"frm_field_25_container\" class=\"frm_form_field frm_section_heading form-field  frm_half frm_alignright frm_hide_section\">\r\n<h3 class=\"frm_pos_none frm_section_spacing\">Abschnitt rechts<\/h3>\r\n\r\n\r\n<div id=\"frm_field_15_container\" class=\"frm_form_field form-field  frm_required_field frm_none_container frmNaN frm12 frm_first\">\r\n    <label for=\"field_9gqsd\" id=\"field_9gqsd_label\" class=\"frm_primary_label\">Nachricht\r\n        <span class=\"frm_required\" aria-hidden=\"true\">*<\/span>\r\n    <\/label>\r\n    <textarea name=\"item_meta[15]\" id=\"field_9gqsd\" rows=\"7\"  data-sectionid=\"25\"  placeholder=\"Nachricht\" data-reqmsg=\"Dieses Feld darf nicht leer sein.\" aria-required=\"true\" data-invmsg=\"Absatz ist ung\u00fcltig\" aria-invalid=\"false\"  ><\/textarea>\r\n    \r\n    \r\n<\/div>\n<\/div>\n\t\t<input  type=\"hidden\" name=\"item_meta[27]\" id=\"field_8xpn\" value=\"Kontakt\"  data-frmval=\"Kontakt\"   \/>\n\t\t\t\t<input  type=\"hidden\" name=\"item_meta[29]\" id=\"field_5nftl\" value=\"de\"  data-frmval=\"de\"   \/>\n\t\t\t<input type=\"hidden\" name=\"item_key\" value=\"\" \/>\n\t\t\t<div id=\"frm_field_31_container\">\n\t\t\t<label for=\"field_75sba\" >\n\t\t\t\tFalls Du menschlich bist, lasse dieses Feld leer.\t\t\t<\/label>\n\t\t\t<input  id=\"field_75sba\" type=\"text\" class=\"frm_form_field form-field frm_verify\" name=\"item_meta[31]\" value=\"\"  \/>\n\t\t<\/div>\n\t\t<input name=\"frm_state\" type=\"hidden\" value=\"\/PFhaKOKTioTD9zVTl20AsGsPYLp0ITBOxDcPbcB+r1Q7gBlD8X9kyu8P6o+wSO+\" \/><div class=\"frm_submit\">\r\n\r\n<button class=\"frm_button_submit frm_final_submit\" type=\"submit\"   formnovalidate=\"formnovalidate\">Versenden<\/button>\r\n\r\n\r\n<\/div><\/div>\n<\/fieldset>\n<\/div>\n\n<\/form>\n<\/div>\n[\/et_pb_code][\/et_pb_column][et_pb_column type=&#8220;1_2&#8243; _builder_version=&#8220;4.18.0&#8243; _module_preset=&#8220;default&#8220; global_colors_info=&#8220;{}&#8220;][et_pb_text _builder_version=&#8220;4.22.1&#8243; _module_preset=&#8220;default&#8220; header_2_font_size=&#8220;30px&#8220; header_2_line_height=&#8220;40px&#8220; global_colors_info=&#8220;{}&#8220;]<\/p>\n<h2>UniqResort Frankreich b.v.<\/h2>\n<p>[\/et_pb_text][et_pb_text _builder_version=&#8220;4.22.1&#8243; _module_preset=&#8220;default&#8220; text_line_height=&#8220;1.8em&#8220; custom_margin=&#8220;||||false|false&#8220; custom_padding=&#8220;25px||||false|false&#8220; global_colors_info=&#8220;{}&#8220;]<\/p>\n<p><strong>Handelskammer<\/strong> 83490078<br \/><strong>USt-IdNr.<\/strong>  NL8628.94.220.B01<br \/>NL73 INGB 0388 9371 81<br \/><strong>BIC<\/strong> INGBNL2A<\/p>\n<p>[\/et_pb_text][\/et_pb_column][\/et_pb_row][\/et_pb_section]<\/p>\n","protected":false},"excerpt":{"rendered":"<p>K\u00f6nnen wir Ihnen helfen?Per E-Mail oder Chat helfe ich Ihnen gerne weiter.Sie m\u00f6chten lieber anrufen? Nat\u00fcrlich ist auch das m\u00f6glich.<div class=\"et_pb_module dsm_button dsm_button_0 et_pb_bg_layout_light\">\n\t\t\t\t\n\t\t\t\t\n\t\t\t\t\n\t\t\t\t\n\t\t\t\t\n\t\t\t\t\n\t\t\t\t<div class=\"et_pb_module_inner\">\n\t\t\t\t\t<div class=\"et_pb_button_module_wrappers dsm_button_0_wrapper  et_pb_module\">\n\t\t\t\t<a class=\"et_pb_button et_pb_button_one et_pb_custom_button_icon et_pb_bg_layout_light dsm-none \"  data-icon=\"&#xf086;\" data-dsm-lightbox-id=\"dsm_button_one_lightbox dsm_button_0\"><span>Chatten Sie mit uns<\/span><\/a><a class=\"et_pb_button et_pb_button_two et_pb_custom_button_icon et_pb_bg_layout_light dsm-none \"  href=tel:0031629453181 data-icon=\"&#xf879;\" data-dsm-lightbox-id=\"dsm_button_two_lightbox dsm_button_0\"><span>+31 (0)6 - 29 45 31 81 <\/span><\/a>\n\t\t\t<\/div>\n\t\t\t\t<\/div>\n\t\t\t<\/div>Kontakt-Formular<div class=\"frm_forms  with_frm_style frm_style_formidable-style\" id=\"frm_form_2_container\" data-token=\"3175115bc7146f181cc241d8160a6154\" data-token=\"3175115bc7146f181cc241d8160a6154\">\n<form enctype=\"multipart\/form-data\" method=\"post\" class=\"frm-show-form  frm_js_validate  frm_ajax_submit  frm_pro_form \" id=\"form_meerinformatie\" data-token=\"3175115bc7146f181cc241d8160a6154\" data-token=\"3175115bc7146f181cc241d8160a6154\">\n<div class=\"frm_form_fields \">\n<fieldset>\n<legend class=\"frm_screen_reader\">Weitere Informationen?<\/legend>\r\n\r\n<div class=\"frm_fields_container\">\n<input type=\"hidden\" name=\"frm_action\" value=\"create\" \/>\n<input type=\"hidden\" name=\"form_id\" value=\"2\" \/>\n<input type=\"hidden\" name=\"frm_hide_fields_2\" id=\"frm_hide_fields_2\" value=\"\" \/>\n<input type=\"hidden\" name=\"form_key\" value=\"meerinformatie\" \/>\n<input type=\"hidden\" name=\"item_meta[0]\" value=\"\" \/>\n<input type=\"hidden\" id=\"frm_submit_entry_2\" name=\"frm_submit_entry_2\" value=\"487de8e31c\" \/><input type=\"hidden\" name=\"_wp_http_referer\" value=\"\/de\/wp-json\/wp\/v2\/pages\/2331\" \/><div id=\"frm_field_22_container\" class=\"frm_form_field frm_section_heading form-field  frm_half frm_first frm_hide_section\">\r\n<h3 class=\"frm_pos_none frm_section_spacing\">Abschnitt Links<\/h3>\r\n\r\n\r\n<div id=\"frm_field_12_container\" class=\"frm_form_field form-field  frm_required_field frm_none_container frm12 frm_first\">\r\n    <label for=\"field_3yht6\" id=\"field_3yht6_label\" class=\"frm_primary_label\">Name\r\n        <span class=\"frm_required\" aria-hidden=\"true\">*<\/span>\r\n    <\/label>\r\n    <input  type=\"text\" id=\"field_3yht6\" name=\"item_meta[12]\" value=\"\"  data-sectionid=\"22\"  placeholder=\"Name\" data-reqmsg=\"Dieses Feld darf nicht leer sein.\" aria-required=\"true\" data-invmsg=\"Text ist ung\u00fcltig\" aria-invalid=\"false\"   \/>\r\n    \r\n    \r\n<\/div>\n<div id=\"frm_field_13_container\" class=\"frm_form_field form-field  frm_required_field frm_none_container frm12 frm_first\">\r\n    <label for=\"field_99mwt\" id=\"field_99mwt_label\" class=\"frm_primary_label\">E-mailadres\r\n        <span class=\"frm_required\" aria-hidden=\"true\">*<\/span>\r\n    <\/label>\r\n    <input type=\"email\" id=\"field_99mwt\" name=\"item_meta[13]\" value=\"\"  data-sectionid=\"22\"  placeholder=\"E-Mail Adresse\" data-reqmsg=\"Dieses Feld darf nicht leer sein.\" aria-required=\"true\" data-invmsg=\"E-Mail Adresse ist ung\u00fcltig\" aria-invalid=\"false\"  \/>\r\n    \r\n    \r\n<\/div>\n<div id=\"frm_field_14_container\" class=\"frm_form_field form-field  frm_required_field frm_none_container frm12 frm_first\">\r\n    <label for=\"field_uuh9x\" id=\"field_uuh9x_label\" class=\"frm_primary_label\">Thema\r\n        <span class=\"frm_required\" aria-hidden=\"true\">*<\/span>\r\n    <\/label>\r\n    <input  type=\"text\" id=\"field_uuh9x\" name=\"item_meta[14]\" value=\"\"  data-sectionid=\"22\"  placeholder=\"Thema\" data-reqmsg=\"Dieses Feld darf nicht leer sein.\" aria-required=\"true\" data-invmsg=\"Text ist ung\u00fcltig\" aria-invalid=\"false\"   \/>\r\n    \r\n    \r\n<\/div>\n<\/div>\n<div id=\"frm_field_25_container\" class=\"frm_form_field frm_section_heading form-field  frm_half frm_alignright frm_hide_section\">\r\n<h3 class=\"frm_pos_none frm_section_spacing\">Abschnitt rechts<\/h3>\r\n\r\n\r\n<div id=\"frm_field_15_container\" class=\"frm_form_field form-field  frm_required_field frm_none_container frmNaN frm12 frm_first\">\r\n    <label for=\"field_9gqsd\" id=\"field_9gqsd_label\" class=\"frm_primary_label\">Nachricht\r\n        <span class=\"frm_required\" aria-hidden=\"true\">*<\/span>\r\n    <\/label>\r\n    <textarea name=\"item_meta[15]\" id=\"field_9gqsd\" rows=\"7\"  data-sectionid=\"25\"  placeholder=\"Nachricht\" data-reqmsg=\"Dieses Feld darf nicht leer sein.\" aria-required=\"true\" data-invmsg=\"Absatz ist ung\u00fcltig\" aria-invalid=\"false\"  ><\/textarea>\r\n    \r\n    \r\n<\/div>\n<\/div>\n\t\t<input  type=\"hidden\" name=\"item_meta[27]\" id=\"field_8xpn\" value=\"Kontakt\"  data-frmval=\"Kontakt\"   \/>\n\t\t\t\t<input  type=\"hidden\" name=\"item_meta[29]\" id=\"field_5nftl\" value=\"de\"  data-frmval=\"de\"   \/>\n\t\t\t<input type=\"hidden\" name=\"item_key\" value=\"\" \/>\n\t\t\t<div id=\"frm_field_32_container\">\n\t\t\t<label for=\"field_pu3kf\" >\n\t\t\t\tFalls Du menschlich bist, lasse dieses Feld leer.\t\t\t<\/label>\n\t\t\t<input  id=\"field_pu3kf\" type=\"text\" class=\"frm_form_field form-field frm_verify\" name=\"item_meta[32]\" value=\"\"  \/>\n\t\t<\/div>\n\t\t<input name=\"frm_state\" type=\"hidden\" value=\"\/PFhaKOKTioTD9zVTl20AsGsPYLp0ITBOxDcPbcB+r1E4\/Ht6UCGhnjV1BunKb6o\" \/><div class=\"frm_submit\">\r\n\r\n<button class=\"frm_button_submit frm_final_submit\" type=\"submit\"   formnovalidate=\"formnovalidate\">Versenden<\/button>\r\n\r\n\r\n<\/div><\/div>\n<\/fieldset>\n<\/div>\n\n<\/form>\n<\/div>\nUniqResort Frankreich b.v.Handelskammer 83490078USt-IdNr. NL8628.94.220.B01NL73 INGB 0388 9371 81BIC INGBNL2A<\/p>\n","protected":false},"author":3375,"featured_media":0,"parent":0,"menu_order":0,"comment_status":"closed","ping_status":"closed","template":"","meta":{"_et_pb_use_builder":"on","_et_pb_old_content":"","_et_gb_content_width":"","footnotes":""},"class_list":["post-2331","page","type-page","status-publish","hentry"],"yoast_head":"<!-- This site is optimized with the Yoast SEO plugin v27.5 - https:\/\/yoast.com\/product\/yoast-seo-wordpress\/ -->\n<title>Kontakt - Uniqbooking<\/title>\n<meta name=\"robots\" content=\"index, follow, max-snippet:-1, max-image-preview:large, max-video-preview:-1\" \/>\n<link rel=\"canonical\" href=\"https:\/\/uniqbooking.com\/de\/kontakt\/\" \/>\n<meta property=\"og:locale\" content=\"de_DE\" \/>\n<meta property=\"og:type\" content=\"article\" \/>\n<meta property=\"og:title\" content=\"Kontakt - Uniqbooking\" \/>\n<meta property=\"og:description\" content=\"K\u00f6nnen wir Ihnen helfen?Per E-Mail oder Chat helfe ich Ihnen gerne weiter.Sie m\u00f6chten lieber anrufen? Nat\u00fcrlich ist auch das m\u00f6glich.Kontakt-FormularUniqResort Frankreich b.v.Handelskammer 83490078USt-IdNr. NL8628.94.220.B01NL73 INGB 0388 9371 81BIC INGBNL2A\" \/>\n<meta property=\"og:url\" content=\"https:\/\/uniqbooking.com\/de\/kontakt\/\" \/>\n<meta property=\"og:site_name\" content=\"Uniqbooking\" \/>\n<meta property=\"article:modified_time\" content=\"2024-07-15T10:25:11+00:00\" \/>\n<meta name=\"twitter:card\" content=\"summary_large_image\" \/>\n<meta name=\"twitter:label1\" content=\"Gesch\u00e4tzte Lesezeit\" \/>\n\t<meta name=\"twitter:data1\" content=\"3\u00a0Minuten\" \/>\n<script type=\"application\/ld+json\" class=\"yoast-schema-graph\">{\"@context\":\"https:\\\/\\\/schema.org\",\"@graph\":[{\"@type\":\"WebPage\",\"@id\":\"https:\\\/\\\/uniqbooking.com\\\/de\\\/kontakt\\\/\",\"url\":\"https:\\\/\\\/uniqbooking.com\\\/de\\\/kontakt\\\/\",\"name\":\"Kontakt - Uniqbooking\",\"isPartOf\":{\"@id\":\"https:\\\/\\\/uniqbooking.com\\\/de\\\/#website\"},\"datePublished\":\"2022-09-09T12:41:24+00:00\",\"dateModified\":\"2024-07-15T10:25:11+00:00\",\"breadcrumb\":{\"@id\":\"https:\\\/\\\/uniqbooking.com\\\/de\\\/kontakt\\\/#breadcrumb\"},\"inLanguage\":\"de\",\"potentialAction\":[{\"@type\":\"ReadAction\",\"target\":[\"https:\\\/\\\/uniqbooking.com\\\/de\\\/kontakt\\\/\"]}]},{\"@type\":\"BreadcrumbList\",\"@id\":\"https:\\\/\\\/uniqbooking.com\\\/de\\\/kontakt\\\/#breadcrumb\",\"itemListElement\":[{\"@type\":\"ListItem\",\"position\":1,\"name\":\"Home\",\"item\":\"https:\\\/\\\/uniqbooking.com\\\/de\\\/\"},{\"@type\":\"ListItem\",\"position\":2,\"name\":\"Kontakt\"}]},{\"@type\":\"WebSite\",\"@id\":\"https:\\\/\\\/uniqbooking.com\\\/de\\\/#website\",\"url\":\"https:\\\/\\\/uniqbooking.com\\\/de\\\/\",\"name\":\"Uniqbooking\",\"description\":\"\",\"publisher\":{\"@id\":\"https:\\\/\\\/uniqbooking.com\\\/de\\\/#organization\"},\"alternateName\":\"Uniqbooking\",\"potentialAction\":[{\"@type\":\"SearchAction\",\"target\":{\"@type\":\"EntryPoint\",\"urlTemplate\":\"https:\\\/\\\/uniqbooking.com\\\/de\\\/?s={search_term_string}\"},\"query-input\":{\"@type\":\"PropertyValueSpecification\",\"valueRequired\":true,\"valueName\":\"search_term_string\"}}],\"inLanguage\":\"de\"},{\"@type\":\"Organization\",\"@id\":\"https:\\\/\\\/uniqbooking.com\\\/de\\\/#organization\",\"name\":\"Uniqbooking\",\"alternateName\":\"Uniqbooking\",\"url\":\"https:\\\/\\\/uniqbooking.com\\\/de\\\/\",\"logo\":{\"@type\":\"ImageObject\",\"inLanguage\":\"de\",\"@id\":\"https:\\\/\\\/uniqbooking.com\\\/de\\\/#\\\/schema\\\/logo\\\/image\\\/\",\"url\":\"https:\\\/\\\/uniqbooking.com\\\/wp-content\\\/uploads\\\/2022\\\/09\\\/Logo-UniqBooking.png\",\"contentUrl\":\"https:\\\/\\\/uniqbooking.com\\\/wp-content\\\/uploads\\\/2022\\\/09\\\/Logo-UniqBooking.png\",\"width\":1839,\"height\":540,\"caption\":\"Uniqbooking\"},\"image\":{\"@id\":\"https:\\\/\\\/uniqbooking.com\\\/de\\\/#\\\/schema\\\/logo\\\/image\\\/\"}}]}<\/script>\n<!-- \/ Yoast SEO plugin. -->","yoast_head_json":{"title":"Kontakt - Uniqbooking","robots":{"index":"index","follow":"follow","max-snippet":"max-snippet:-1","max-image-preview":"max-image-preview:large","max-video-preview":"max-video-preview:-1"},"canonical":"https:\/\/uniqbooking.com\/de\/kontakt\/","og_locale":"de_DE","og_type":"article","og_title":"Kontakt - Uniqbooking","og_description":"K\u00f6nnen wir Ihnen helfen?Per E-Mail oder Chat helfe ich Ihnen gerne weiter.Sie m\u00f6chten lieber anrufen? Nat\u00fcrlich ist auch das m\u00f6glich.Kontakt-FormularUniqResort Frankreich b.v.Handelskammer 83490078USt-IdNr. NL8628.94.220.B01NL73 INGB 0388 9371 81BIC INGBNL2A","og_url":"https:\/\/uniqbooking.com\/de\/kontakt\/","og_site_name":"Uniqbooking","article_modified_time":"2024-07-15T10:25:11+00:00","twitter_card":"summary_large_image","twitter_misc":{"Gesch\u00e4tzte Lesezeit":"3\u00a0Minuten"},"schema":{"@context":"https:\/\/schema.org","@graph":[{"@type":"WebPage","@id":"https:\/\/uniqbooking.com\/de\/kontakt\/","url":"https:\/\/uniqbooking.com\/de\/kontakt\/","name":"Kontakt - Uniqbooking","isPartOf":{"@id":"https:\/\/uniqbooking.com\/de\/#website"},"datePublished":"2022-09-09T12:41:24+00:00","dateModified":"2024-07-15T10:25:11+00:00","breadcrumb":{"@id":"https:\/\/uniqbooking.com\/de\/kontakt\/#breadcrumb"},"inLanguage":"de","potentialAction":[{"@type":"ReadAction","target":["https:\/\/uniqbooking.com\/de\/kontakt\/"]}]},{"@type":"BreadcrumbList","@id":"https:\/\/uniqbooking.com\/de\/kontakt\/#breadcrumb","itemListElement":[{"@type":"ListItem","position":1,"name":"Home","item":"https:\/\/uniqbooking.com\/de\/"},{"@type":"ListItem","position":2,"name":"Kontakt"}]},{"@type":"WebSite","@id":"https:\/\/uniqbooking.com\/de\/#website","url":"https:\/\/uniqbooking.com\/de\/","name":"Uniqbooking","description":"","publisher":{"@id":"https:\/\/uniqbooking.com\/de\/#organization"},"alternateName":"Uniqbooking","potentialAction":[{"@type":"SearchAction","target":{"@type":"EntryPoint","urlTemplate":"https:\/\/uniqbooking.com\/de\/?s={search_term_string}"},"query-input":{"@type":"PropertyValueSpecification","valueRequired":true,"valueName":"search_term_string"}}],"inLanguage":"de"},{"@type":"Organization","@id":"https:\/\/uniqbooking.com\/de\/#organization","name":"Uniqbooking","alternateName":"Uniqbooking","url":"https:\/\/uniqbooking.com\/de\/","logo":{"@type":"ImageObject","inLanguage":"de","@id":"https:\/\/uniqbooking.com\/de\/#\/schema\/logo\/image\/","url":"https:\/\/uniqbooking.com\/wp-content\/uploads\/2022\/09\/Logo-UniqBooking.png","contentUrl":"https:\/\/uniqbooking.com\/wp-content\/uploads\/2022\/09\/Logo-UniqBooking.png","width":1839,"height":540,"caption":"Uniqbooking"},"image":{"@id":"https:\/\/uniqbooking.com\/de\/#\/schema\/logo\/image\/"}}]}},"_links":{"self":[{"href":"https:\/\/uniqbooking.com\/de\/wp-json\/wp\/v2\/pages\/2331","targetHints":{"allow":["GET"]}}],"collection":[{"href":"https:\/\/uniqbooking.com\/de\/wp-json\/wp\/v2\/pages"}],"about":[{"href":"https:\/\/uniqbooking.com\/de\/wp-json\/wp\/v2\/types\/page"}],"author":[{"embeddable":true,"href":"https:\/\/uniqbooking.com\/de\/wp-json\/wp\/v2\/users\/3375"}],"replies":[{"embeddable":true,"href":"https:\/\/uniqbooking.com\/de\/wp-json\/wp\/v2\/comments?post=2331"}],"version-history":[{"count":5,"href":"https:\/\/uniqbooking.com\/de\/wp-json\/wp\/v2\/pages\/2331\/revisions"}],"predecessor-version":[{"id":4399,"href":"https:\/\/uniqbooking.com\/de\/wp-json\/wp\/v2\/pages\/2331\/revisions\/4399"}],"wp:attachment":[{"href":"https:\/\/uniqbooking.com\/de\/wp-json\/wp\/v2\/media?parent=2331"}],"curies":[{"name":"wp","href":"https:\/\/api.w.org\/{rel}","templated":true}]}}