{"id":2283,"date":"2022-09-15T12:17:57","date_gmt":"2022-09-15T10:17:57","guid":{"rendered":"https:\/\/uniqbooking.com\/erklaerung-zum-datenschutz\/"},"modified":"2024-02-23T14:08:33","modified_gmt":"2024-02-23T13:08:33","slug":"erklaerung-zum-datenschutz","status":"publish","type":"page","link":"https:\/\/uniqbooking.com\/de\/erklaerung-zum-datenschutz\/","title":{"rendered":"Erkl\u00e4rung zum Datenschutz"},"content":{"rendered":"<p>[et_pb_section fb_built=&#8220;1&#8243; custom_padding_last_edited=&#8220;off|tablet&#8220; _builder_version=&#8220;4.18.0&#8243; _module_preset=&#8220;default&#8220; custom_margin_tablet=&#8220;||||false|false&#8220; custom_margin_last_edited=&#8220;off|tablet&#8220; custom_padding_tablet=&#8220;||||false|false&#8220; background_color_tablet=&#8220;#EDF5FC&#8220; background_last_edited=&#8220;on|phone&#8220; background_enable_color_tablet=&#8220;on&#8220; locked=&#8220;off&#8220; global_colors_info=&#8220;{}&#8220;][et_pb_row column_structure=&#8220;3_5,2_5&#8243; custom_padding_last_edited=&#8220;on|phone&#8220; _builder_version=&#8220;4.18.0&#8243; _module_preset=&#8220;default&#8220; custom_padding_tablet=&#8220;100px||||false|false&#8220; custom_padding_phone=&#8220;100px||||false|false&#8220; global_colors_info=&#8220;{}&#8220;][et_pb_column type=&#8220;3_5&#8243; _builder_version=&#8220;4.18.0&#8243; _module_preset=&#8220;default&#8220; global_colors_info=&#8220;{}&#8220;][et_pb_text _builder_version=&#8220;4.18.0&#8243; _module_preset=&#8220;default&#8220; header_font_size_tablet=&#8220;&#8220; header_font_size_phone=&#8220;30px&#8220; header_font_size_last_edited=&#8220;on|phone&#8220; global_colors_info=&#8220;{}&#8220;]<\/p>\n<h1>Erkl\u00e4rung zum Datenschutz<\/h1>\n<p>[\/et_pb_text][et_pb_text _builder_version=&#8220;4.18.0&#8243; _module_preset=&#8220;default&#8220; global_colors_info=&#8220;{}&#8220;]<\/p>\n<div class=\"et_pb_module et_pb_text et_pb_text_1 et_pb_text_align_left et_pb_bg_layout_light\">\n<div class=\"et_pb_text_inner\">\n<p>UniqBooking.com, mit Sitz in Wijnkopersgilde 6, 8253 GT DRONTEN, Niederlande, ist f\u00fcr die Verarbeitung personenbezogener Daten, wie in dieser Datenschutzerkl\u00e4rung beschrieben, verantwortlich.<\/p>\n<\/div>\n<\/div>\n<div class=\"et_pb_module et_pb_text et_pb_text_2 et_pb_text_align_left et_pb_bg_layout_light\">\n<div class=\"et_pb_text_inner\">\n<p><strong>Kontaktinformationen:<\/strong><br \/>https:\/\/uniqbooking.com\/<br \/>Wijnkopersgilde 6<br \/>8253 GT DRONTEN<br \/>Niederlande<br \/>+31 (0) 644965093<br \/>S.A. Poorter ist der Datenschutzbeauftragte von Uniqbooking.com. Er\/sie ist erreichbar unter rental@uniqbooking.com<\/p>\n<\/div>\n<\/div>\n<p>[\/et_pb_text][et_pb_text _builder_version=&#8220;4.18.0&#8243; _module_preset=&#8220;default&#8220; global_colors_info=&#8220;{}&#8220;]<\/p>\n<div class=\"et_pb_module et_pb_text et_pb_text_3 et_pb_text_align_left et_pb_bg_layout_light\">\n<div class=\"et_pb_text_inner\">\n<h3>Von uns verarbeitete personenbezogene Daten<\/h3>\n<p>UniqBooking.com verarbeitet Ihre pers\u00f6nlichen Daten, weil Sie unsere Dienstleistungen in Anspruch nehmen und\/oder weil Sie sie uns selbst zur Verf\u00fcgung stellen.<\/p>\n<p>Nachstehend finden Sie einen \u00dcberblick \u00fcber die von uns verarbeiteten personenbezogenen Daten:<\/p>\n<ul>\n<li>Vorname und Nachname<\/li>\n<li>Angaben zur Adresse<\/li>\n<li>Rufnummer<\/li>\n<li>E-Mail Adresse<\/li>\n<li>Internet-Browser und Ger\u00e4tetyp<\/li>\n<li>Bankkontonummer<\/li>\n<\/ul>\n<\/div>\n<\/div>\n<p>[\/et_pb_text][et_pb_text _builder_version=&#8220;4.18.0&#8243; _module_preset=&#8220;default&#8220; global_colors_info=&#8220;{}&#8220;]<\/p>\n<div class=\"et_pb_module et_pb_text et_pb_text_4 et_pb_text_align_left et_pb_bg_layout_light\">\n<div class=\"et_pb_text_inner\">\n<h3>Besondere und\/oder sensible personenbezogene Daten, die wir verarbeiten<\/h3>\n<p>Unsere Website bzw. unser Dienst beabsichtigt nicht, Daten von Website-Besuchern zu sammeln, die unter 16 Jahre alt sind. Es sei denn, sie haben die Erlaubnis ihrer Eltern oder Erziehungsberechtigten. Wir k\u00f6nnen jedoch nicht \u00fcberpr\u00fcfen, ob ein Besucher \u00fcber 16 Jahre alt ist. Wir raten daher den Eltern, sich an den Online-Aktivit\u00e4ten ihrer Kinder zu beteiligen, um zu vermeiden, dass Daten \u00fcber Kinder ohne die Zustimmung der Eltern gesammelt werden. Wenn Sie davon \u00fcberzeugt sind, dass wir personenbezogene Daten \u00fcber einen Minderj\u00e4hrigen ohne eine solche Zustimmung gesammelt haben, wenden Sie sich bitte an rental@uniqbooking.com, und wir werden diese Informationen l\u00f6schen.<\/p>\n<\/div>\n<\/div>\n<p>[\/et_pb_text][et_pb_text _builder_version=&#8220;4.18.0&#8243; _module_preset=&#8220;default&#8220; global_colors_info=&#8220;{}&#8220;]<\/p>\n<div class=\"et_pb_module et_pb_text et_pb_text_5 et_pb_text_align_left et_pb_bg_layout_light\">\n<div class=\"et_pb_text_inner\">\n<h3>Zu welchem Zweck und auf welcher Grundlage wir personenbezogene Daten verarbeiten<\/h3>\n<p>UniqBooking.com verarbeitet Ihre pers\u00f6nlichen Daten f\u00fcr die folgenden Zwecke:<\/p>\n<ul>\n<li>Abwicklung Ihrer Zahlung<\/li>\n<li>Zusendung unseres Newsletters und\/oder Werbeprospekts<\/li>\n<li>Sie anzurufen oder per E-Mail zu kontaktieren, wenn dies zur Erbringung unserer Dienstleistungen erforderlich ist<\/li>\n<li>Information \u00fcber \u00c4nderungen an unseren Dienstleistungen und Produkten<\/li>\n<li>Um Ihnen Waren und Dienstleistungen zu liefern<\/li>\n<li>UniqBooking.com verarbeitet auch personenbezogene Daten, wenn wir gesetzlich dazu verpflichtet sind, wie z. B. Daten, die wir f\u00fcr unsere Steuererkl\u00e4rung ben\u00f6tigen.<\/li>\n<\/ul>\n<\/div>\n<\/div>\n<p>[\/et_pb_text][et_pb_text _builder_version=&#8220;4.18.0&#8243; _module_preset=&#8220;default&#8220; global_colors_info=&#8220;{}&#8220;]<\/p>\n<div class=\"et_pb_module et_pb_text et_pb_text_5 et_pb_text_align_left et_pb_bg_layout_light\">\n<div class=\"et_pb_text_inner\">\n<div class=\"et_pb_module et_pb_text et_pb_text_6 et_pb_text_align_left et_pb_bg_layout_light\">\n<div class=\"et_pb_text_inner\">\n<h3>Automatisierte Entscheidungsfindung<\/h3>\n<p>UniqBooking.com trifft <strong>keine<\/strong> Entscheidungen \u00fcber Angelegenheiten, die den Einzelnen (erheblich) beeintr\u00e4chtigen k\u00f6nnten, auf der Grundlage einer automatisierten Verarbeitung.<\/p>\n<\/div>\n<\/div>\n<\/div>\n<\/div>\n<p>[\/et_pb_text][et_pb_text _builder_version=&#8220;4.18.0&#8243; _module_preset=&#8220;default&#8220; global_colors_info=&#8220;{}&#8220;]<\/p>\n<div class=\"et_pb_module et_pb_text et_pb_text_5 et_pb_text_align_left et_pb_bg_layout_light\">\n<div class=\"et_pb_text_inner\">\n<div class=\"et_pb_module et_pb_text et_pb_text_6 et_pb_text_align_left et_pb_bg_layout_light\">\n<div class=\"et_pb_text_inner\">\n<h3>Wie lange wir personenbezogene Daten aufbewahren<\/h3>\n<p>UniqBooking.com wird Ihre pers\u00f6nlichen Daten nicht l\u00e4nger aufbewahren, als es unbedingt notwendig ist, um die Zwecke, f\u00fcr die Ihre Daten gesammelt wurden, zu erf\u00fcllen. Wir verwenden die folgenden Aufbewahrungsfristen f\u00fcr die folgenden (Kategorien von) personenbezogenen Daten:<strong style=\"color: red;\"><\/strong><\/p>\n<p>&nbsp;<\/p>\n<table style=\"border-collapse: collapse; width: 100%; height: 96px;\" border=\"1\">\n<tbody>\n<tr style=\"height: 24px;\">\n<td style=\"width: 33.3333%; height: 24px;\"><strong>Kategorie<\/strong><\/td>\n<td style=\"width: 33.3333%; height: 24px;\"><strong>Aufbewahrungsfrist<\/strong><\/td>\n<td style=\"width: 33.3333%; height: 24px;\"><strong>Grund<\/strong><\/td>\n<\/tr>\n<tr style=\"height: 24px;\">\n<td style=\"width: 33.3333%; height: 24px;\">Angaben zur Person<\/td>\n<td style=\"width: 33.3333%; height: 24px;\">5 Jahre<\/td>\n<td style=\"width: 33.3333%; height: 24px;\">Information, Rechnungsstellung<\/td>\n<\/tr>\n<tr style=\"height: 24px;\">\n<td style=\"width: 33.3333%; height: 24px;\">Adresse<\/td>\n<td style=\"width: 33.3333%; height: 24px;\">5 Jahre<\/td>\n<td style=\"width: 33.3333%; height: 24px;\">Information, Lieferung und Rechnungsstellung<\/td>\n<\/tr>\n<tr style=\"height: 24px;\">\n<td style=\"width: 33.3333%; height: 24px;\">Ausgef\u00fcllte Kontaktformulare<\/td>\n<td style=\"width: 33.3333%; height: 24px;\">29 Tage<\/td>\n<td style=\"width: 33.3333%; height: 24px;\">Maillog und Spamschutz<\/td>\n<\/tr>\n<\/tbody>\n<\/table>\n<\/div>\n<\/div>\n<\/div>\n<\/div>\n<p>[\/et_pb_text][et_pb_text _builder_version=&#8220;4.18.0&#8243; _module_preset=&#8220;default&#8220; global_colors_info=&#8220;{}&#8220;]<\/p>\n<div class=\"et_pb_module et_pb_text et_pb_text_8 et_pb_text_align_left et_pb_bg_layout_light\">\n<div class=\"et_pb_text_inner\">\n<h3>Weitergabe personenbezogener Daten an Dritte<\/h3>\n<p>UniqBooking.com stellt Dritten nur dann Daten zur Verf\u00fcgung, wenn dies f\u00fcr die Erf\u00fcllung unserer Vereinbarung mit Ihnen oder zur Erf\u00fcllung einer gesetzlichen Verpflichtung erforderlich ist.<\/p>\n<\/div>\n<\/div>\n<p>[\/et_pb_text][et_pb_text _builder_version=&#8220;4.18.0&#8243; _module_preset=&#8220;default&#8220; link_font=&#8220;||||on||||&#8220; global_colors_info=&#8220;{}&#8220;]<\/p>\n<div class=\"et_pb_module et_pb_text et_pb_text_8 et_pb_text_align_left et_pb_bg_layout_light\">\n<div class=\"et_pb_text_inner\">\n<div class=\"et_pb_module et_pb_text et_pb_text_9 et_pb_text_align_left et_pb_bg_layout_light\">\n<div class=\"et_pb_text_inner\">\n<h3>Cookies oder \u00e4hnliche Techniken, die wir verwenden<\/h3>\n<p>UniqBooking.com verwendet funktionale, analytische und Tracking-Cookies. Ein Cookie ist eine kleine Textdatei, die im Browser Ihres Computers, Tablets oder Smartphones gespeichert wird, wenn Sie diese Website zum ersten Mal besuchen. UniqBooking.com verwendet Cookies mit rein technischer Funktionalit\u00e4t. Diese sorgen daf\u00fcr, dass die Website ordnungsgem\u00e4\u00df funktioniert und z. B. Ihre Einstellungen gespeichert werden. Diese Cookies werden auch verwendet, um das Funktionieren der Website zu gew\u00e4hrleisten und sie zu optimieren. Wir setzen auch Cookies, die Ihr Surfverhalten verfolgen, damit wir Ihnen ma\u00dfgeschneiderte Inhalte und Werbung anbieten k\u00f6nnen.<\/p>\n<p>Bei Ihrem ersten Besuch auf unserer Website haben wir Sie bereits \u00fcber diese Cookies informiert und um Ihr Einverst\u00e4ndnis gebeten, sie zu setzen.<\/p>\n<p><a href=\"https:\/\/uniqbooking.com\/de\/cookie-anweisung\/\" title=\"Siehe auch unsere Cookie-Richtlinie.\">Siehe auch unsere Cookie-Richtlinie.<\/a><\/p>\n<\/div>\n<\/div>\n<\/div>\n<\/div>\n<p>[\/et_pb_text][et_pb_text _builder_version=&#8220;4.18.0&#8243; _module_preset=&#8220;default&#8220; global_colors_info=&#8220;{}&#8220;]<\/p>\n<div class=\"et_pb_module et_pb_text et_pb_text_10 et_pb_text_align_left et_pb_bg_layout_light\">\n<div class=\"et_pb_text_inner\">\n<h3>Daten ansehen, \u00e4ndern oder l\u00f6schen<\/h3>\n<p>Sie haben das Recht auf Zugang, Berichtigung oder L\u00f6schung Ihrer personenbezogenen Daten. Sie haben auch das Recht, Ihre eventuelle Zustimmung zur Datenverarbeitung zur\u00fcckzuziehen oder der Verarbeitung Ihrer personenbezogenen Daten durch UniqBooking.com zu widersprechen, sowie das Recht auf Daten\u00fcbertragbarkeit. Das bedeutet, dass Sie uns auffordern k\u00f6nnen, die personenbezogenen Daten, die wir \u00fcber Sie in einer Computerdatei gespeichert haben, an Sie oder eine andere von Ihnen benannte Organisation zu senden.<\/p>\n<p>Sie k\u00f6nnen einen Antrag auf Zugang, Berichtigung, L\u00f6schung oder \u00dcbertragung Ihrer personenbezogenen Daten oder auf Widerruf Ihrer Einwilligung oder Widerspruch gegen die Verarbeitung Ihrer personenbezogenen Daten an rental@uniqbooking.com richten.<\/p>\n<p>Um sicherzustellen, dass der Antrag auf Einsichtnahme von Ihnen gestellt wird, bitten wir Sie, dem Antrag eine Kopie Ihres Identit\u00e4tsnachweises beizuf\u00fcgen. Schw\u00e4rzen Sie auf dieser Kopie Ihr Passfoto, die MRZ (maschinenlesbare Zone, der Zahlenstreifen am unteren Rand des Passes), die Passnummer und die B\u00fcrgerservicenummer (BSN). Dies dient dem Schutz Ihrer Privatsph\u00e4re. Wir werden Ihre Anfrage so schnell wie m\u00f6glich, jedoch innerhalb von vier Wochen beantworten.<\/p>\n<p>UniqBooking.com m\u00f6chte Sie auch dar\u00fcber informieren, dass Sie die M\u00f6glichkeit haben, eine Beschwerde bei der nationalen Aufsichtsbeh\u00f6rde, der Beh\u00f6rde f\u00fcr personenbezogene Daten, einzureichen. Sie k\u00f6nnen dies \u00fcber den folgenden Link tun: <a href=\"https:\/\/autoriteitpersoonsgegevens.nl\/nl\/contact-met-de-autoriteit-persoonsgegevens\/tip-ons\" target=\"_blank\" rel=\"noopener\">https:\/\/autoriteitpersoonsgegevens.nl\/nl\/contact-met-de-autoriteit-persoonsgegevens\/tip-ons<\/a><\/p>\n<\/div>\n<\/div>\n<p>[\/et_pb_text][et_pb_text _builder_version=&#8220;4.18.0&#8243; _module_preset=&#8220;default&#8220; global_colors_info=&#8220;{}&#8220;]<\/p>\n<div class=\"et_pb_module et_pb_text et_pb_text_11 et_pb_text_align_left et_pb_bg_layout_light\">\n<div class=\"et_pb_text_inner\">\n<h3>Wie wir personenbezogene Daten sch\u00fctzen<\/h3>\n<p>UniqBooking.com nimmt den Schutz Ihrer Daten ernst und ergreift geeignete Ma\u00dfnahmen, um Missbrauch, Verlust, unbefugtem Zugriff, unerw\u00fcnschter Offenlegung und unbefugter \u00c4nderung entgegenzuwirken. Wenn Sie den Eindruck haben, dass Ihre Daten nicht ordnungsgem\u00e4\u00df gesichert sind oder es Hinweise auf einen Missbrauch gibt, wenden Sie sich bitte an unseren Kundendienst oder an rental@uniqbooking.com.<\/p>\n<\/div>\n<\/div>\n<p>[\/et_pb_text][et_pb_button button_url=&#8220;@ET-DC@eyJkeW5hbWljIjp0cnVlLCJjb250ZW50IjoiaG9tZV91cmwiLCJzZXR0aW5ncyI6W119@&#8220; button_text=&#8220;Zur\u00fcck nach Hause&#8220; _builder_version=&#8220;4.18.0&#8243; _dynamic_attributes=&#8220;button_url&#8220; _module_preset=&#8220;default&#8220; global_colors_info=&#8220;{}&#8220;][\/et_pb_button][\/et_pb_column][et_pb_column type=&#8220;2_5&#8243; _builder_version=&#8220;4.18.0&#8243; _module_preset=&#8220;default&#8220; global_colors_info=&#8220;{}&#8220;][\/et_pb_column][\/et_pb_row][\/et_pb_section]<\/p>\n","protected":false},"excerpt":{"rendered":"<p>Erkl\u00e4rung zum Datenschutz UniqBooking.com, mit Sitz in Wijnkopersgilde 6, 8253 GT DRONTEN, Niederlande, ist f\u00fcr die Verarbeitung personenbezogener Daten, wie in dieser Datenschutzerkl\u00e4rung beschrieben, verantwortlich. Kontaktinformationen:https:\/\/uniqbooking.com\/Wijnkopersgilde 68253 GT DRONTENNiederlande+31 (0) 644965093S.A. Poorter ist der Datenschutzbeauftragte von Uniqbooking.com. Er\/sie ist erreichbar unter rental@uniqbooking.com Von uns verarbeitete personenbezogene Daten UniqBooking.com verarbeitet Ihre pers\u00f6nlichen Daten, weil Sie unsere Dienstleistungen in Anspruch nehmen und\/oder weil Sie sie uns selbst zur Verf\u00fcgung stellen. Nachstehend finden Sie einen \u00dcberblick \u00fcber die von uns verarbeiteten personenbezogenen Daten: Vorname und Nachname Angaben zur Adresse Rufnummer E-Mail Adresse Internet-Browser und Ger\u00e4tetyp Bankkontonummer Besondere und\/oder sensible personenbezogene Daten, die wir verarbeiten Unsere Website bzw. unser Dienst beabsichtigt nicht, Daten von Website-Besuchern zu sammeln, die unter 16 Jahre alt sind. Es sei denn, sie haben die Erlaubnis ihrer Eltern oder Erziehungsberechtigten. Wir k\u00f6nnen jedoch nicht \u00fcberpr\u00fcfen, ob ein Besucher \u00fcber 16 Jahre alt ist. Wir raten daher den Eltern, sich an den Online-Aktivit\u00e4ten ihrer Kinder zu beteiligen, um zu vermeiden, dass Daten \u00fcber Kinder ohne die Zustimmung der Eltern gesammelt werden. Wenn Sie davon \u00fcberzeugt sind, dass wir personenbezogene Daten \u00fcber einen Minderj\u00e4hrigen ohne eine solche Zustimmung gesammelt haben, wenden Sie sich bitte an rental@uniqbooking.com, und wir werden diese Informationen l\u00f6schen. [&hellip;]<\/p>\n","protected":false},"author":3375,"featured_media":0,"parent":0,"menu_order":0,"comment_status":"closed","ping_status":"closed","template":"","meta":{"_et_pb_use_builder":"on","_et_pb_old_content":"","_et_gb_content_width":"","footnotes":""},"class_list":["post-2283","page","type-page","status-publish","hentry"],"yoast_head":"<!-- This site is optimized with the Yoast SEO plugin v27.4 - https:\/\/yoast.com\/product\/yoast-seo-wordpress\/ -->\n<title>Erkl\u00e4rung zum Datenschutz - Uniqbooking<\/title>\n<meta name=\"robots\" content=\"index, follow, max-snippet:-1, max-image-preview:large, max-video-preview:-1\" \/>\n<link rel=\"canonical\" href=\"https:\/\/uniqbooking.com\/de\/erklaerung-zum-datenschutz\/\" \/>\n<meta property=\"og:locale\" content=\"de_DE\" \/>\n<meta property=\"og:type\" content=\"article\" \/>\n<meta property=\"og:title\" content=\"Erkl\u00e4rung zum Datenschutz - Uniqbooking\" \/>\n<meta property=\"og:description\" content=\"Erkl\u00e4rung zum Datenschutz UniqBooking.com, mit Sitz in Wijnkopersgilde 6, 8253 GT DRONTEN, Niederlande, ist f\u00fcr die Verarbeitung personenbezogener Daten, wie in dieser Datenschutzerkl\u00e4rung beschrieben, verantwortlich. Kontaktinformationen:https:\/\/uniqbooking.com\/Wijnkopersgilde 68253 GT DRONTENNiederlande+31 (0) 644965093S.A. Poorter ist der Datenschutzbeauftragte von Uniqbooking.com. Er\/sie ist erreichbar unter rental@uniqbooking.com Von uns verarbeitete personenbezogene Daten UniqBooking.com verarbeitet Ihre pers\u00f6nlichen Daten, weil Sie unsere Dienstleistungen in Anspruch nehmen und\/oder weil Sie sie uns selbst zur Verf\u00fcgung stellen. Nachstehend finden Sie einen \u00dcberblick \u00fcber die von uns verarbeiteten personenbezogenen Daten: Vorname und Nachname Angaben zur Adresse Rufnummer E-Mail Adresse Internet-Browser und Ger\u00e4tetyp Bankkontonummer Besondere und\/oder sensible personenbezogene Daten, die wir verarbeiten Unsere Website bzw. unser Dienst beabsichtigt nicht, Daten von Website-Besuchern zu sammeln, die unter 16 Jahre alt sind. Es sei denn, sie haben die Erlaubnis ihrer Eltern oder Erziehungsberechtigten. Wir k\u00f6nnen jedoch nicht \u00fcberpr\u00fcfen, ob ein Besucher \u00fcber 16 Jahre alt ist. Wir raten daher den Eltern, sich an den Online-Aktivit\u00e4ten ihrer Kinder zu beteiligen, um zu vermeiden, dass Daten \u00fcber Kinder ohne die Zustimmung der Eltern gesammelt werden. Wenn Sie davon \u00fcberzeugt sind, dass wir personenbezogene Daten \u00fcber einen Minderj\u00e4hrigen ohne eine solche Zustimmung gesammelt haben, wenden Sie sich bitte an rental@uniqbooking.com, und wir werden diese Informationen l\u00f6schen. [&hellip;]\" \/>\n<meta property=\"og:url\" content=\"https:\/\/uniqbooking.com\/de\/erklaerung-zum-datenschutz\/\" \/>\n<meta property=\"og:site_name\" content=\"Uniqbooking\" \/>\n<meta property=\"article:modified_time\" content=\"2024-02-23T13:08:33+00:00\" \/>\n<meta name=\"twitter:card\" content=\"summary_large_image\" \/>\n<meta name=\"twitter:label1\" content=\"Gesch\u00e4tzte Lesezeit\" \/>\n\t<meta name=\"twitter:data1\" content=\"6\u00a0Minuten\" \/>\n<script type=\"application\/ld+json\" class=\"yoast-schema-graph\">{\"@context\":\"https:\\\/\\\/schema.org\",\"@graph\":[{\"@type\":\"WebPage\",\"@id\":\"https:\\\/\\\/uniqbooking.com\\\/de\\\/erklaerung-zum-datenschutz\\\/\",\"url\":\"https:\\\/\\\/uniqbooking.com\\\/de\\\/erklaerung-zum-datenschutz\\\/\",\"name\":\"Erkl\u00e4rung zum Datenschutz - Uniqbooking\",\"isPartOf\":{\"@id\":\"https:\\\/\\\/uniqbooking.com\\\/de\\\/#website\"},\"datePublished\":\"2022-09-15T10:17:57+00:00\",\"dateModified\":\"2024-02-23T13:08:33+00:00\",\"breadcrumb\":{\"@id\":\"https:\\\/\\\/uniqbooking.com\\\/de\\\/erklaerung-zum-datenschutz\\\/#breadcrumb\"},\"inLanguage\":\"de\",\"potentialAction\":[{\"@type\":\"ReadAction\",\"target\":[\"https:\\\/\\\/uniqbooking.com\\\/de\\\/erklaerung-zum-datenschutz\\\/\"]}]},{\"@type\":\"BreadcrumbList\",\"@id\":\"https:\\\/\\\/uniqbooking.com\\\/de\\\/erklaerung-zum-datenschutz\\\/#breadcrumb\",\"itemListElement\":[{\"@type\":\"ListItem\",\"position\":1,\"name\":\"Home\",\"item\":\"https:\\\/\\\/uniqbooking.com\\\/de\\\/\"},{\"@type\":\"ListItem\",\"position\":2,\"name\":\"Erkl\u00e4rung zum Datenschutz\"}]},{\"@type\":\"WebSite\",\"@id\":\"https:\\\/\\\/uniqbooking.com\\\/de\\\/#website\",\"url\":\"https:\\\/\\\/uniqbooking.com\\\/de\\\/\",\"name\":\"Uniqbooking\",\"description\":\"\",\"publisher\":{\"@id\":\"https:\\\/\\\/uniqbooking.com\\\/de\\\/#organization\"},\"alternateName\":\"Uniqbooking\",\"potentialAction\":[{\"@type\":\"SearchAction\",\"target\":{\"@type\":\"EntryPoint\",\"urlTemplate\":\"https:\\\/\\\/uniqbooking.com\\\/de\\\/?s={search_term_string}\"},\"query-input\":{\"@type\":\"PropertyValueSpecification\",\"valueRequired\":true,\"valueName\":\"search_term_string\"}}],\"inLanguage\":\"de\"},{\"@type\":\"Organization\",\"@id\":\"https:\\\/\\\/uniqbooking.com\\\/de\\\/#organization\",\"name\":\"Uniqbooking\",\"alternateName\":\"Uniqbooking\",\"url\":\"https:\\\/\\\/uniqbooking.com\\\/de\\\/\",\"logo\":{\"@type\":\"ImageObject\",\"inLanguage\":\"de\",\"@id\":\"https:\\\/\\\/uniqbooking.com\\\/de\\\/#\\\/schema\\\/logo\\\/image\\\/\",\"url\":\"https:\\\/\\\/uniqbooking.com\\\/wp-content\\\/uploads\\\/2022\\\/09\\\/Logo-UniqBooking.png\",\"contentUrl\":\"https:\\\/\\\/uniqbooking.com\\\/wp-content\\\/uploads\\\/2022\\\/09\\\/Logo-UniqBooking.png\",\"width\":1839,\"height\":540,\"caption\":\"Uniqbooking\"},\"image\":{\"@id\":\"https:\\\/\\\/uniqbooking.com\\\/de\\\/#\\\/schema\\\/logo\\\/image\\\/\"}}]}<\/script>\n<!-- \/ Yoast SEO plugin. -->","yoast_head_json":{"title":"Erkl\u00e4rung zum Datenschutz - Uniqbooking","robots":{"index":"index","follow":"follow","max-snippet":"max-snippet:-1","max-image-preview":"max-image-preview:large","max-video-preview":"max-video-preview:-1"},"canonical":"https:\/\/uniqbooking.com\/de\/erklaerung-zum-datenschutz\/","og_locale":"de_DE","og_type":"article","og_title":"Erkl\u00e4rung zum Datenschutz - Uniqbooking","og_description":"Erkl\u00e4rung zum Datenschutz UniqBooking.com, mit Sitz in Wijnkopersgilde 6, 8253 GT DRONTEN, Niederlande, ist f\u00fcr die Verarbeitung personenbezogener Daten, wie in dieser Datenschutzerkl\u00e4rung beschrieben, verantwortlich. Kontaktinformationen:https:\/\/uniqbooking.com\/Wijnkopersgilde 68253 GT DRONTENNiederlande+31 (0) 644965093S.A. Poorter ist der Datenschutzbeauftragte von Uniqbooking.com. Er\/sie ist erreichbar unter rental@uniqbooking.com Von uns verarbeitete personenbezogene Daten UniqBooking.com verarbeitet Ihre pers\u00f6nlichen Daten, weil Sie unsere Dienstleistungen in Anspruch nehmen und\/oder weil Sie sie uns selbst zur Verf\u00fcgung stellen. Nachstehend finden Sie einen \u00dcberblick \u00fcber die von uns verarbeiteten personenbezogenen Daten: Vorname und Nachname Angaben zur Adresse Rufnummer E-Mail Adresse Internet-Browser und Ger\u00e4tetyp Bankkontonummer Besondere und\/oder sensible personenbezogene Daten, die wir verarbeiten Unsere Website bzw. unser Dienst beabsichtigt nicht, Daten von Website-Besuchern zu sammeln, die unter 16 Jahre alt sind. Es sei denn, sie haben die Erlaubnis ihrer Eltern oder Erziehungsberechtigten. Wir k\u00f6nnen jedoch nicht \u00fcberpr\u00fcfen, ob ein Besucher \u00fcber 16 Jahre alt ist. Wir raten daher den Eltern, sich an den Online-Aktivit\u00e4ten ihrer Kinder zu beteiligen, um zu vermeiden, dass Daten \u00fcber Kinder ohne die Zustimmung der Eltern gesammelt werden. Wenn Sie davon \u00fcberzeugt sind, dass wir personenbezogene Daten \u00fcber einen Minderj\u00e4hrigen ohne eine solche Zustimmung gesammelt haben, wenden Sie sich bitte an rental@uniqbooking.com, und wir werden diese Informationen l\u00f6schen. [&hellip;]","og_url":"https:\/\/uniqbooking.com\/de\/erklaerung-zum-datenschutz\/","og_site_name":"Uniqbooking","article_modified_time":"2024-02-23T13:08:33+00:00","twitter_card":"summary_large_image","twitter_misc":{"Gesch\u00e4tzte Lesezeit":"6\u00a0Minuten"},"schema":{"@context":"https:\/\/schema.org","@graph":[{"@type":"WebPage","@id":"https:\/\/uniqbooking.com\/de\/erklaerung-zum-datenschutz\/","url":"https:\/\/uniqbooking.com\/de\/erklaerung-zum-datenschutz\/","name":"Erkl\u00e4rung zum Datenschutz - Uniqbooking","isPartOf":{"@id":"https:\/\/uniqbooking.com\/de\/#website"},"datePublished":"2022-09-15T10:17:57+00:00","dateModified":"2024-02-23T13:08:33+00:00","breadcrumb":{"@id":"https:\/\/uniqbooking.com\/de\/erklaerung-zum-datenschutz\/#breadcrumb"},"inLanguage":"de","potentialAction":[{"@type":"ReadAction","target":["https:\/\/uniqbooking.com\/de\/erklaerung-zum-datenschutz\/"]}]},{"@type":"BreadcrumbList","@id":"https:\/\/uniqbooking.com\/de\/erklaerung-zum-datenschutz\/#breadcrumb","itemListElement":[{"@type":"ListItem","position":1,"name":"Home","item":"https:\/\/uniqbooking.com\/de\/"},{"@type":"ListItem","position":2,"name":"Erkl\u00e4rung zum Datenschutz"}]},{"@type":"WebSite","@id":"https:\/\/uniqbooking.com\/de\/#website","url":"https:\/\/uniqbooking.com\/de\/","name":"Uniqbooking","description":"","publisher":{"@id":"https:\/\/uniqbooking.com\/de\/#organization"},"alternateName":"Uniqbooking","potentialAction":[{"@type":"SearchAction","target":{"@type":"EntryPoint","urlTemplate":"https:\/\/uniqbooking.com\/de\/?s={search_term_string}"},"query-input":{"@type":"PropertyValueSpecification","valueRequired":true,"valueName":"search_term_string"}}],"inLanguage":"de"},{"@type":"Organization","@id":"https:\/\/uniqbooking.com\/de\/#organization","name":"Uniqbooking","alternateName":"Uniqbooking","url":"https:\/\/uniqbooking.com\/de\/","logo":{"@type":"ImageObject","inLanguage":"de","@id":"https:\/\/uniqbooking.com\/de\/#\/schema\/logo\/image\/","url":"https:\/\/uniqbooking.com\/wp-content\/uploads\/2022\/09\/Logo-UniqBooking.png","contentUrl":"https:\/\/uniqbooking.com\/wp-content\/uploads\/2022\/09\/Logo-UniqBooking.png","width":1839,"height":540,"caption":"Uniqbooking"},"image":{"@id":"https:\/\/uniqbooking.com\/de\/#\/schema\/logo\/image\/"}}]}},"_links":{"self":[{"href":"https:\/\/uniqbooking.com\/de\/wp-json\/wp\/v2\/pages\/2283","targetHints":{"allow":["GET"]}}],"collection":[{"href":"https:\/\/uniqbooking.com\/de\/wp-json\/wp\/v2\/pages"}],"about":[{"href":"https:\/\/uniqbooking.com\/de\/wp-json\/wp\/v2\/types\/page"}],"author":[{"embeddable":true,"href":"https:\/\/uniqbooking.com\/de\/wp-json\/wp\/v2\/users\/3375"}],"replies":[{"embeddable":true,"href":"https:\/\/uniqbooking.com\/de\/wp-json\/wp\/v2\/comments?post=2283"}],"version-history":[{"count":1,"href":"https:\/\/uniqbooking.com\/de\/wp-json\/wp\/v2\/pages\/2283\/revisions"}],"predecessor-version":[{"id":2293,"href":"https:\/\/uniqbooking.com\/de\/wp-json\/wp\/v2\/pages\/2283\/revisions\/2293"}],"wp:attachment":[{"href":"https:\/\/uniqbooking.com\/de\/wp-json\/wp\/v2\/media?parent=2283"}],"curies":[{"name":"wp","href":"https:\/\/api.w.org\/{rel}","templated":true}]}}